{"id":2190,"date":"2025-04-16T16:19:00","date_gmt":"2025-04-16T16:19:00","guid":{"rendered":"https:\/\/ysballs.com\/?post_type=product&#038;p=2190"},"modified":"2025-07-02T10:00:30","modified_gmt":"2025-07-02T10:00:30","slug":"nadelrolle","status":"publish","type":"product","link":"https:\/\/ysballs.com\/de\/produkt\/walzen\/nadelrolle\/","title":{"rendered":"Nadelwalze"},"content":{"rendered":"<p>Lager Nadelrolle<\/p>\n<ul>\n<li>Material\uff1a Chromstahl GCr15 \/ AISI52100 \/ 100Cr6 \/ SUJ-2,<\/li>\n<\/ul>\n<p>Rostfreier Stahl AISI304\/302\/316\/316L\/420\/440\/440C<\/p>\n<ul>\n<li>Norm: ISO3096 \/ DIN5402<\/li>\n<li>Rollen-Durchmesser: 1 mm bis 10 mm<\/li>\n<li>Rollenl\u00e4nge: 1 mm bis 50 mm<\/li>\n<li>Genauigkeit\uff1aG2,G3,G5<\/li>\n<li>Typ der Rollenenden: NRB, NRA, ZB, usw.<\/li>\n<li>OEM: Ma\u00dfgeschneidert nach Kundenzeichnung<\/li>\n<li>Anwendung: Pr\u00e4zisionslager, verschiedene Industrieausr\u00fcstungen, Kfz-Getriebe, Werkzeugmaschinenspindeln, usw.<\/li>\n<\/ul>\n<h5>Bitte z\u00f6gern Sie nicht, uns bei jeder Frage zu kontaktieren.<\/h5>\n<div class='fluentform ff-default fluentform_wrapper_7 ffs_default_wrap'><form data-form_id=\"7\" id=\"fluentform_7\" class=\"frm-fluent-form fluent_form_7 ff-el-form-top ff_form_instance_7_1 ff-form-loading ffs_default\" data-form_instance=\"ff_form_instance_7_1\" method=\"POST\" action=\"\" ><fieldset  style=\"border: none!important;margin: 0!important;padding: 0!important;background-color: transparent!important;box-shadow: none!important;outline: none!important; min-inline-size: 100%;\">\n                    <legend class=\"ff_screen_reader_title\" style=\"display: block; margin: 0!important;padding: 0!important;height: 0!important;text-indent: -999999px;width: 0!important;overflow:hidden;\">Erzeugnisform<\/legend><input type='hidden' name='__fluent_form_embded_post_id' value='2190' \/><input type=\"hidden\" id=\"_fluentform_7_fluentformnonce\" name=\"_fluentform_7_fluentformnonce\" value=\"2ba762f847\" \/><input type=\"hidden\" name=\"_wp_http_referer\" value=\"\/de\/wp-json\/wp\/v2\/product\/2190\" \/><input type=\"hidden\" name=\"hidden\" value=\"document.querySelector('h1.product_title').textContent\" data-name=\"hidden\" ><input type=\"hidden\" name=\"hidden_1\" value=\"window.location.href\" data-name=\"hidden_1\" ><div data-type=\"name-element\" data-name=\"names\" class=\"ff-field_container ff-name-field-wrapper\" ><div class='ff-t-container'><div class='ff-t-cell'><div class='ff-el-group'><div class=\"ff-el-input--label ff-el-is-required asterisk-right\"><label for='ff_7_names_first_name_' >Vorname<\/label><\/div><div class='ff-el-input--content'><input type=\"text\" name=\"names[first_name]\" id=\"ff_7_names_first_name_\" class=\"ff-el-form-control\" aria-invalid=\"false\" aria-required=\"true\"><\/div><\/div><\/div><div class='ff-t-cell'><div class='ff-el-group'><div class=\"ff-el-input--label ff-el-is-required asterisk-right\"><label for='ff_7_names_last_name_' >Nachname<\/label><\/div><div class='ff-el-input--content'><input type=\"text\" name=\"names[last_name]\" id=\"ff_7_names_last_name_\" class=\"ff-el-form-control\" aria-invalid=\"false\" aria-required=\"true\"><\/div><\/div><\/div><\/div><\/div><div class='ff-el-group'><div class=\"ff-el-input--label ff-el-is-required asterisk-right\"><label for='ff_7_email' aria-label=\"E-Mail\">E-Mail<\/label><\/div><div class='ff-el-input--content'><input type=\"email\" name=\"email\" id=\"ff_7_email\" class=\"ff-el-form-control\" placeholder=\"you@domain.com\" data-name=\"email\"  aria-invalid=\"false\" aria-required=\"true\"><\/div><\/div><div class='ff-el-group'><div class=\"ff-el-input--label ff-el-is-required asterisk-right\"><label for='ff_7_description' aria-label=\"Beschreibung\">Beschreibung<\/label><\/div><div class='ff-el-input--content'><textarea aria-invalid=\"false\" aria-required=\"true\" name=\"description\" id=\"ff_7_description\" class=\"ff-el-form-control\" rows=\"4\" cols=\"2\" data-name=\"description\" ><\/textarea><\/div><\/div><div class='ff-el-group ff-text-left ff_submit_btn_wrapper'><button type=\"submit\" class=\"ff-btn ff-btn-submit ff-btn-md ff_btn_style wpf_has_custom_css\" >Anfrage senden<\/button><\/div><\/fieldset><input type=\"hidden\" name=\"trp-form-language\" value=\"de\"\/><\/form><div id='fluentform_7_errors' class='ff-errors-in-stack ff_form_instance_7_1 ff-form-loading_errors ff_form_instance_7_1_errors'><\/div><\/div>        <script type=\"text\/javascript\">\n            window.fluent_form_ff_form_instance_7_1 = {\"id\":\"7\",\"settings\":{\"layout\":{\"labelPlacement\":\"top\",\"asteriskPlacement\":\"asterisk-right\",\"helpMessagePlacement\":\"with_label\",\"errorMessagePlacement\":\"inline\",\"cssClassName\":\"\"},\"restrictions\":{\"denyEmptySubmission\":{\"enabled\":false}}},\"form_instance\":\"ff_form_instance_7_1\",\"form_id_selector\":\"fluentform_7\",\"rules\":{\"names[first_name]\":{\"required\":{\"value\":true,\"message\":\"Dieses Feld ist erforderlich\",\"global\":true,\"global_message\":\"\\u8fd9\\u662f\\u5fc5\\u586b\\u680f\"}},\"names[middle_name]\":{\"required\":{\"value\":false,\"message\":\"Dieses Feld ist erforderlich\",\"global\":true,\"global_message\":\"\\u8fd9\\u662f\\u5fc5\\u586b\\u680f\"}},\"names[last_name]\":{\"required\":{\"value\":true,\"message\":\"Dieses Feld ist erforderlich\",\"global\":true,\"global_message\":\"\\u8fd9\\u662f\\u5fc5\\u586b\\u680f\"}},\"email\":{\"required\":{\"value\":true,\"message\":\"Email field is required\",\"global\":false,\"global_message\":\"\\u8fd9\\u662f\\u5fc5\\u586b\\u680f\"},\"email\":{\"value\":true,\"message\":\"Dieses Feld muss eine g\\u00fcltige E-Mail-Adresse enthalten\",\"global\":true,\"global_message\":\"\\u6b64\\u5b57\\u6bb5\\u5fc5\\u987b\\u5305\\u542b\\u6709\\u6548\\u7684\\u7535\\u5b50\\u90ae\\u7bb1\\u5730\\u5740\"}},\"description\":{\"required\":{\"value\":true,\"message\":\"Dieses Feld ist erforderlich\",\"global\":true,\"global_message\":\"\\u8fd9\\u662f\\u5fc5\\u586b\\u680f\"}}},\"debounce_time\":300};\n                    <\/script>\n        \n<p>&nbsp;<\/p>\n<p>&nbsp;<\/p>\n<p>&nbsp;<\/p>","protected":false},"excerpt":{"rendered":"<p>YSBALLS Nadelrollen k\u00f6nnen eine hohe Tragf\u00e4higkeit auf kleinem Raum bieten, da sie dicht angeordnet werden k\u00f6nnen. Unsere Nadellager werden in der Regel dort eingesetzt, wo der Platzbedarf sehr gering ist, z. B. in Flugzeugmotoren, kleinen Elektrowerkzeugen, Hydraulikpumpen usw. In diesen Ger\u00e4ten k\u00f6nnen Nadellager gro\u00dfe Lasten in einem begrenzten radialen Raum tragen und gleichzeitig einen niedrigen Reibungskoeffizienten beibehalten, was die Leistung und Zuverl\u00e4ssigkeit der Ausr\u00fcstung verbessert.<\/p>","protected":false},"featured_media":2188,"comment_status":"closed","ping_status":"closed","template":"","meta":{"_uag_custom_page_level_css":"","site-sidebar-layout":"default","site-content-layout":"default","ast-site-content-layout":"default","site-content-style":"default","site-sidebar-style":"default","ast-global-header-display":"","ast-banner-title-visibility":"","ast-main-header-display":"","ast-hfb-above-header-display":"","ast-hfb-below-header-display":"","ast-hfb-mobile-header-display":"","site-post-title":"","ast-breadcrumbs-content":"","ast-featured-img":"","footer-sml-layout":"","theme-transparent-header-meta":"default","adv-header-id-meta":"","stick-header-meta":"","header-above-stick-meta":"","header-main-stick-meta":"","header-below-stick-meta":"","astra-migrate-meta-layouts":"set","ast-page-background-enabled":"default","ast-page-background-meta":{"desktop":{"background-color":"var(--ast-global-color-4)","background-image":"","background-repeat":"repeat","background-position":"center center","background-size":"auto","background-attachment":"scroll","background-type":"","background-media":"","overlay-type":"","overlay-color":"","overlay-opacity":"","overlay-gradient":""},"tablet":{"background-color":"","background-image":"","background-repeat":"repeat","background-position":"center center","background-size":"auto","background-attachment":"scroll","background-type":"","background-media":"","overlay-type":"","overlay-color":"","overlay-opacity":"","overlay-gradient":""},"mobile":{"background-color":"","background-image":"","background-repeat":"repeat","background-position":"center center","background-size":"auto","background-attachment":"scroll","background-type":"","background-media":"","overlay-type":"","overlay-color":"","overlay-opacity":"","overlay-gradient":""}},"ast-content-background-meta":{"desktop":{"background-color":"var(--ast-global-color-5)","background-image":"","background-repeat":"repeat","background-position":"center center","background-size":"auto","background-attachment":"scroll","background-type":"","background-media":"","overlay-type":"","overlay-color":"","overlay-opacity":"","overlay-gradient":""},"tablet":{"background-color":"var(--ast-global-color-5)","background-image":"","background-repeat":"repeat","background-position":"center center","background-size":"auto","background-attachment":"scroll","background-type":"","background-media":"","overlay-type":"","overlay-color":"","overlay-opacity":"","overlay-gradient":""},"mobile":{"background-color":"var(--ast-global-color-5)","background-image":"","background-repeat":"repeat","background-position":"center center","background-size":"auto","background-attachment":"scroll","background-type":"","background-media":"","overlay-type":"","overlay-color":"","overlay-opacity":"","overlay-gradient":""}}},"product_brand":[],"product_cat":[42],"product_tag":[44],"class_list":{"0":"post-2190","1":"product","2":"type-product","3":"status-publish","4":"has-post-thumbnail","6":"product_cat-rollers","7":"product_tag-needle-roller","8":"desktop-align-left","9":"tablet-align-left","10":"mobile-align-left","12":"first","13":"instock","14":"shipping-taxable","15":"product-type-simple"},"uagb_featured_image_src":{"full":["https:\/\/ysballs.com\/wp-content\/uploads\/2025\/04\/roller-pins.jpg",1500,1000,false],"thumbnail":["https:\/\/ysballs.com\/wp-content\/uploads\/2025\/04\/roller-pins-150x150.jpg",150,150,true],"medium":["https:\/\/ysballs.com\/wp-content\/uploads\/2025\/04\/roller-pins-300x200.jpg",300,200,true],"medium_large":["https:\/\/ysballs.com\/wp-content\/uploads\/2025\/04\/roller-pins-768x512.jpg",768,512,true],"large":["https:\/\/ysballs.com\/wp-content\/uploads\/2025\/04\/roller-pins-1024x683.jpg",1024,683,true],"1536x1536":["https:\/\/ysballs.com\/wp-content\/uploads\/2025\/04\/roller-pins.jpg",1500,1000,false],"2048x2048":["https:\/\/ysballs.com\/wp-content\/uploads\/2025\/04\/roller-pins.jpg",1500,1000,false],"trp-custom-language-flag":["https:\/\/ysballs.com\/wp-content\/uploads\/2025\/04\/roller-pins.jpg",18,12,false],"woocommerce_thumbnail":["https:\/\/ysballs.com\/wp-content\/uploads\/2025\/04\/roller-pins-300x300.jpg",300,300,true],"woocommerce_single":["https:\/\/ysballs.com\/wp-content\/uploads\/2025\/04\/roller-pins-600x400.jpg",600,400,true],"woocommerce_gallery_thumbnail":["https:\/\/ysballs.com\/wp-content\/uploads\/2025\/04\/roller-pins-100x100.jpg",100,100,true]},"uagb_author_info":{"display_name":"YUNSHUO BALLS","author_link":"https:\/\/ysballs.com\/de\/author\/"},"uagb_comment_info":0,"uagb_excerpt":"YSBALLS Needle roller can provide a high load - carrying capacity in a small space because they can be arranged densely. Our needle rollers are usually used in occasions where space requirements are strict, such as aircraft engines, small - sized power tools, hydraulic pumps, etc. In these devices, needle roller bearings can bear large&hellip;","_links":{"self":[{"href":"https:\/\/ysballs.com\/de\/wp-json\/wp\/v2\/product\/2190","targetHints":{"allow":["GET"]}}],"collection":[{"href":"https:\/\/ysballs.com\/de\/wp-json\/wp\/v2\/product"}],"about":[{"href":"https:\/\/ysballs.com\/de\/wp-json\/wp\/v2\/types\/product"}],"replies":[{"embeddable":true,"href":"https:\/\/ysballs.com\/de\/wp-json\/wp\/v2\/comments?post=2190"}],"wp:featuredmedia":[{"embeddable":true,"href":"https:\/\/ysballs.com\/de\/wp-json\/wp\/v2\/media\/2188"}],"wp:attachment":[{"href":"https:\/\/ysballs.com\/de\/wp-json\/wp\/v2\/media?parent=2190"}],"wp:term":[{"taxonomy":"product_brand","embeddable":true,"href":"https:\/\/ysballs.com\/de\/wp-json\/wp\/v2\/product_brand?post=2190"},{"taxonomy":"product_cat","embeddable":true,"href":"https:\/\/ysballs.com\/de\/wp-json\/wp\/v2\/product_cat?post=2190"},{"taxonomy":"product_tag","embeddable":true,"href":"https:\/\/ysballs.com\/de\/wp-json\/wp\/v2\/product_tag?post=2190"}],"curies":[{"name":"wp","href":"https:\/\/api.w.org\/{rel}","templated":true}]}}