{"id":2547,"date":"2025-12-15T15:50:45","date_gmt":"2025-12-15T15:50:45","guid":{"rendered":"https:\/\/ysballs.com\/?post_type=product&#038;p=2547"},"modified":"2025-12-15T16:22:33","modified_gmt":"2025-12-15T16:22:33","slug":"hybrid-keramiklager","status":"publish","type":"product","link":"https:\/\/ysballs.com\/de\/produkt\/lager\/hybrid-keramiklager\/","title":{"rendered":"Hybrid-Keramik-Lager"},"content":{"rendered":"<h3>Yunshuo Hybrid-Keramiklager<\/h3>\n<p>&nbsp;<\/p>\n<p class=\"ds-markdown-paragraph\"><strong>Die wichtigsten Vorteile<\/strong><\/p>\n<p class=\"ds-markdown-paragraph\"><strong>*Hochgeschwindigkeitsleistung<\/strong>: 40% leichtere Keramikkugeln verringern die Zentrifugalkraft und erm\u00f6glichen 30-50% h\u00f6here Grenzdrehzahlen<br \/>\n*<strong>Verl\u00e4ngerte Nutzungsdauer<\/strong>: Keine elektrolytische Korrosion + geringerer Schmiermittelbedarf = 3-5x l\u00e4ngere Lebensdauer in verschmutzten Umgebungen<br \/>\n*<strong>Elektrische Isolierung<\/strong>: Vollst\u00e4ndige Isolierung gegen Sch\u00e4den durch elektrischen Strom, ideal f\u00fcr Motoren\/Generatoren<br \/>\n*<strong>Temperaturbest\u00e4ndigkeit<\/strong>: Betriebsbereich -60\u00b0C bis +300\u00b0C (kurzfristig 500\u00b0C)<br \/>\n*<strong>Kosteng\u00fcnstig<\/strong>: 50-70% kosteng\u00fcnstiger als vollkeramische Lager<\/p>\n<p>&nbsp;<\/p>\n<p class=\"ds-markdown-paragraph\"><strong>Technische DatenR<\/strong><\/p>\n<div class=\"ds-scroll-area _1210dd7 c03cafe9\">\n<table>\n<thead>\n<tr>\n<th>Parameter<\/th>\n<th>Spezifikation<\/th>\n<\/tr>\n<\/thead>\n<tbody>\n<tr>\n<td><strong>W\u00e4lzk\u00f6rper Material<\/strong><\/td>\n<td>Siliziumnitrid (Si\u2083N\u2084) \/ Zirkoniumdioxid (ZrO\u2082)<\/td>\n<\/tr>\n<tr>\n<td><strong>Ring Material<\/strong><\/td>\n<td>\u00a0Chromstahl \/ Edelstahl 440C \/ Edelstahl 316<\/td>\n<\/tr>\n<tr>\n<td><strong>Pr\u00e4zisionsklasse<\/strong><\/td>\n<td>ABEC-5\/ABEC-7 (ISO P5\/P4)<\/td>\n<\/tr>\n<tr>\n<td><strong>Freigabe<\/strong><\/td>\n<td>C3 Standard, anpassbar C4\/C5<\/td>\n<\/tr>\n<tr>\n<td><strong>K\u00e4fig-Optionen<\/strong><\/td>\n<td>PEEK, PTFE-beschichteter Stahl, Messing<\/td>\n<\/tr>\n<tr>\n<td><strong>Gr\u00f6\u00dfenbereich<\/strong><\/td>\n<td>ID 3-150mm, OD 10-280mm<\/td>\n<\/tr>\n<\/tbody>\n<\/table>\n<\/div>\n<p class=\"ds-markdown-paragraph\"><strong>Anwendungen<\/strong><\/p>\n<ul>\n<li>\n<p class=\"ds-markdown-paragraph\"><strong>Elektrische Werkzeuge<\/strong>: Winkelschleiferspindeln, Hochgeschwindigkeits-Bohrmotoren<\/p>\n<\/li>\n<li>\n<p class=\"ds-markdown-paragraph\"><strong>Medizinische Ger\u00e4te<\/strong>: Zahn\u00e4rztliche Handst\u00fccke, Zentrifugen, chirurgische Robotergelenke<\/p>\n<\/li>\n<li>\n<p class=\"ds-markdown-paragraph\"><strong>Sportger\u00e4te<\/strong>: Wettkampf-Fahrradnaben, Skateboard-R\u00e4der<\/p>\n<\/li>\n<li>\n<p class=\"ds-markdown-paragraph\"><strong>Industrielle Motoren<\/strong>: VFD-Motoren, Servo-Motorspindeln<\/p>\n<\/li>\n<li>\n<p class=\"ds-markdown-paragraph\"><strong>Luft- und Raumfahrt<\/strong>: UAV-Motoren, Hilfsantriebssysteme<\/p>\n<\/li>\n<\/ul>\n<p>&nbsp;<\/p>\n<h5>Wenn Sie einen Bedarf haben, kontaktieren Sie uns bitte.<\/h5>\n<div class='fluentform ff-default fluentform_wrapper_7 ffs_default_wrap'><form data-form_id=\"7\" id=\"fluentform_7\" class=\"frm-fluent-form fluent_form_7 ff-el-form-top ff_form_instance_7_1 ff-form-loading ffs_default\" data-form_instance=\"ff_form_instance_7_1\" method=\"POST\" action=\"\" ><fieldset  style=\"border: none!important;margin: 0!important;padding: 0!important;background-color: transparent!important;box-shadow: none!important;outline: none!important; min-inline-size: 100%;\">\n                    <legend class=\"ff_screen_reader_title\" style=\"display: block; margin: 0!important;padding: 0!important;height: 0!important;text-indent: -999999px;width: 0!important;overflow:hidden;\">Erzeugnisform<\/legend><input type='hidden' name='__fluent_form_embded_post_id' value='2547' \/><input type=\"hidden\" id=\"_fluentform_7_fluentformnonce\" name=\"_fluentform_7_fluentformnonce\" value=\"2ba762f847\" \/><input type=\"hidden\" name=\"_wp_http_referer\" value=\"\/de\/wp-json\/wp\/v2\/product\/2547\" \/><input type=\"hidden\" name=\"hidden\" value=\"document.querySelector('h1.product_title').textContent\" data-name=\"hidden\" ><input type=\"hidden\" name=\"hidden_1\" value=\"window.location.href\" data-name=\"hidden_1\" ><div data-type=\"name-element\" data-name=\"names\" class=\"ff-field_container ff-name-field-wrapper\" ><div class='ff-t-container'><div class='ff-t-cell'><div class='ff-el-group'><div class=\"ff-el-input--label ff-el-is-required asterisk-right\"><label for='ff_7_names_first_name_' >Vorname<\/label><\/div><div class='ff-el-input--content'><input type=\"text\" name=\"names[first_name]\" id=\"ff_7_names_first_name_\" class=\"ff-el-form-control\" aria-invalid=\"false\" aria-required=\"true\"><\/div><\/div><\/div><div class='ff-t-cell'><div class='ff-el-group'><div class=\"ff-el-input--label ff-el-is-required asterisk-right\"><label for='ff_7_names_last_name_' >Nachname<\/label><\/div><div class='ff-el-input--content'><input type=\"text\" name=\"names[last_name]\" id=\"ff_7_names_last_name_\" class=\"ff-el-form-control\" aria-invalid=\"false\" aria-required=\"true\"><\/div><\/div><\/div><\/div><\/div><div class='ff-el-group'><div class=\"ff-el-input--label ff-el-is-required asterisk-right\"><label for='ff_7_email' aria-label=\"E-Mail\">E-Mail<\/label><\/div><div class='ff-el-input--content'><input type=\"email\" name=\"email\" id=\"ff_7_email\" class=\"ff-el-form-control\" placeholder=\"you@domain.com\" data-name=\"email\"  aria-invalid=\"false\" aria-required=\"true\"><\/div><\/div><div class='ff-el-group'><div class=\"ff-el-input--label ff-el-is-required asterisk-right\"><label for='ff_7_description' aria-label=\"Beschreibung\">Beschreibung<\/label><\/div><div class='ff-el-input--content'><textarea aria-invalid=\"false\" aria-required=\"true\" name=\"description\" id=\"ff_7_description\" class=\"ff-el-form-control\" rows=\"4\" cols=\"2\" data-name=\"description\" ><\/textarea><\/div><\/div><div class='ff-el-group ff-text-left ff_submit_btn_wrapper'><button type=\"submit\" class=\"ff-btn ff-btn-submit ff-btn-md ff_btn_style wpf_has_custom_css\" >Anfrage senden<\/button><\/div><\/fieldset><input type=\"hidden\" name=\"trp-form-language\" value=\"de\"\/><\/form><div id='fluentform_7_errors' class='ff-errors-in-stack ff_form_instance_7_1 ff-form-loading_errors ff_form_instance_7_1_errors'><\/div><\/div>        <script type=\"text\/javascript\">\n            window.fluent_form_ff_form_instance_7_1 = {\"id\":\"7\",\"settings\":{\"layout\":{\"labelPlacement\":\"top\",\"asteriskPlacement\":\"asterisk-right\",\"helpMessagePlacement\":\"with_label\",\"errorMessagePlacement\":\"inline\",\"cssClassName\":\"\"},\"restrictions\":{\"denyEmptySubmission\":{\"enabled\":false}}},\"form_instance\":\"ff_form_instance_7_1\",\"form_id_selector\":\"fluentform_7\",\"rules\":{\"names[first_name]\":{\"required\":{\"value\":true,\"message\":\"Dieses Feld ist erforderlich\",\"global\":true,\"global_message\":\"\\u8fd9\\u662f\\u5fc5\\u586b\\u680f\"}},\"names[middle_name]\":{\"required\":{\"value\":false,\"message\":\"Dieses Feld ist erforderlich\",\"global\":true,\"global_message\":\"\\u8fd9\\u662f\\u5fc5\\u586b\\u680f\"}},\"names[last_name]\":{\"required\":{\"value\":true,\"message\":\"Dieses Feld ist erforderlich\",\"global\":true,\"global_message\":\"\\u8fd9\\u662f\\u5fc5\\u586b\\u680f\"}},\"email\":{\"required\":{\"value\":true,\"message\":\"Email field is required\",\"global\":false,\"global_message\":\"\\u8fd9\\u662f\\u5fc5\\u586b\\u680f\"},\"email\":{\"value\":true,\"message\":\"Dieses Feld muss eine g\\u00fcltige E-Mail-Adresse enthalten\",\"global\":true,\"global_message\":\"\\u6b64\\u5b57\\u6bb5\\u5fc5\\u987b\\u5305\\u542b\\u6709\\u6548\\u7684\\u7535\\u5b50\\u90ae\\u7bb1\\u5730\\u5740\"}},\"description\":{\"required\":{\"value\":true,\"message\":\"Dieses Feld ist erforderlich\",\"global\":true,\"global_message\":\"\\u8fd9\\u662f\\u5fc5\\u586b\\u680f\"}}},\"debounce_time\":300};\n                    <\/script>","protected":false},"excerpt":{"rendered":"<p>Yunshuo Hybrid-Keramiklager kombinieren <strong>Kugeln oder Rollen aus Keramik (Si\u2083N\u2084\/ZrO\u2082) mit Metallringen (Chromstahl oder Edelstahl)<\/strong>und bietet eine bessere Leistung als herk\u00f6mmliche Ganzstahllager bei optimierten Kosten.<\/p>\n<p>&nbsp;<\/p>","protected":false},"featured_media":2548,"comment_status":"closed","ping_status":"closed","template":"","meta":{"_uag_custom_page_level_css":"","site-sidebar-layout":"no-sidebar","site-content-layout":"","ast-site-content-layout":"default","site-content-style":"default","site-sidebar-style":"default","ast-global-header-display":"","ast-banner-title-visibility":"","ast-main-header-display":"","ast-hfb-above-header-display":"","ast-hfb-below-header-display":"","ast-hfb-mobile-header-display":"","site-post-title":"","ast-breadcrumbs-content":"","ast-featured-img":"","footer-sml-layout":"","theme-transparent-header-meta":"default","adv-header-id-meta":"","stick-header-meta":"","header-above-stick-meta":"","header-main-stick-meta":"","header-below-stick-meta":"","astra-migrate-meta-layouts":"set","ast-page-background-enabled":"default","ast-page-background-meta":{"desktop":{"background-color":"var(--ast-global-color-4)","background-image":"","background-repeat":"repeat","background-position":"center center","background-size":"auto","background-attachment":"scroll","background-type":"","background-media":"","overlay-type":"","overlay-color":"","overlay-opacity":"","overlay-gradient":""},"tablet":{"background-color":"","background-image":"","background-repeat":"repeat","background-position":"center center","background-size":"auto","background-attachment":"scroll","background-type":"","background-media":"","overlay-type":"","overlay-color":"","overlay-opacity":"","overlay-gradient":""},"mobile":{"background-color":"","background-image":"","background-repeat":"repeat","background-position":"center center","background-size":"auto","background-attachment":"scroll","background-type":"","background-media":"","overlay-type":"","overlay-color":"","overlay-opacity":"","overlay-gradient":""}},"ast-content-background-meta":{"desktop":{"background-color":"var(--ast-global-color-5)","background-image":"","background-repeat":"repeat","background-position":"center center","background-size":"auto","background-attachment":"scroll","background-type":"","background-media":"","overlay-type":"","overlay-color":"","overlay-opacity":"","overlay-gradient":""},"tablet":{"background-color":"var(--ast-global-color-5)","background-image":"","background-repeat":"repeat","background-position":"center center","background-size":"auto","background-attachment":"scroll","background-type":"","background-media":"","overlay-type":"","overlay-color":"","overlay-opacity":"","overlay-gradient":""},"mobile":{"background-color":"var(--ast-global-color-5)","background-image":"","background-repeat":"repeat","background-position":"center center","background-size":"auto","background-attachment":"scroll","background-type":"","background-media":"","overlay-type":"","overlay-color":"","overlay-opacity":"","overlay-gradient":""}}},"product_brand":[],"product_cat":[57],"product_tag":[58],"class_list":{"0":"post-2547","1":"product","2":"type-product","3":"status-publish","4":"has-post-thumbnail","6":"product_cat-bearings","7":"product_tag-hybrid-ceramic-bearings","8":"desktop-align-left","9":"tablet-align-left","10":"mobile-align-left","12":"first","13":"instock","14":"shipping-taxable","15":"product-type-simple"},"uagb_featured_image_src":{"full":["https:\/\/ysballs.com\/wp-content\/uploads\/2025\/12\/hybrid-ceramic-bearing.jpg",1438,966,false],"thumbnail":["https:\/\/ysballs.com\/wp-content\/uploads\/2025\/12\/hybrid-ceramic-bearing-150x150.jpg",150,150,true],"medium":["https:\/\/ysballs.com\/wp-content\/uploads\/2025\/12\/hybrid-ceramic-bearing-300x202.jpg",300,202,true],"medium_large":["https:\/\/ysballs.com\/wp-content\/uploads\/2025\/12\/hybrid-ceramic-bearing-768x516.jpg",768,516,true],"large":["https:\/\/ysballs.com\/wp-content\/uploads\/2025\/12\/hybrid-ceramic-bearing-1024x688.jpg",1024,688,true],"1536x1536":["https:\/\/ysballs.com\/wp-content\/uploads\/2025\/12\/hybrid-ceramic-bearing.jpg",1438,966,false],"2048x2048":["https:\/\/ysballs.com\/wp-content\/uploads\/2025\/12\/hybrid-ceramic-bearing.jpg",1438,966,false],"trp-custom-language-flag":["https:\/\/ysballs.com\/wp-content\/uploads\/2025\/12\/hybrid-ceramic-bearing-18x12.jpg",18,12,true],"woocommerce_thumbnail":["https:\/\/ysballs.com\/wp-content\/uploads\/2025\/12\/hybrid-ceramic-bearing-300x300.jpg",300,300,true],"woocommerce_single":["https:\/\/ysballs.com\/wp-content\/uploads\/2025\/12\/hybrid-ceramic-bearing-600x403.jpg",600,403,true],"woocommerce_gallery_thumbnail":["https:\/\/ysballs.com\/wp-content\/uploads\/2025\/12\/hybrid-ceramic-bearing-100x100.jpg",100,100,true]},"uagb_author_info":{"display_name":"YUNSHUO BALLS","author_link":"https:\/\/ysballs.com\/de\/author\/"},"uagb_comment_info":0,"uagb_excerpt":"Yunshuo Hybrid ceramic bearings combine ceramic balls or rollers (Si\u2083N\u2084\/ZrO\u2082) with metal rings (chrome steel or stainless steel), delivering enhanced performance over traditional all-steel bearings at optimized cost. &nbsp;","_links":{"self":[{"href":"https:\/\/ysballs.com\/de\/wp-json\/wp\/v2\/product\/2547","targetHints":{"allow":["GET"]}}],"collection":[{"href":"https:\/\/ysballs.com\/de\/wp-json\/wp\/v2\/product"}],"about":[{"href":"https:\/\/ysballs.com\/de\/wp-json\/wp\/v2\/types\/product"}],"replies":[{"embeddable":true,"href":"https:\/\/ysballs.com\/de\/wp-json\/wp\/v2\/comments?post=2547"}],"wp:featuredmedia":[{"embeddable":true,"href":"https:\/\/ysballs.com\/de\/wp-json\/wp\/v2\/media\/2548"}],"wp:attachment":[{"href":"https:\/\/ysballs.com\/de\/wp-json\/wp\/v2\/media?parent=2547"}],"wp:term":[{"taxonomy":"product_brand","embeddable":true,"href":"https:\/\/ysballs.com\/de\/wp-json\/wp\/v2\/product_brand?post=2547"},{"taxonomy":"product_cat","embeddable":true,"href":"https:\/\/ysballs.com\/de\/wp-json\/wp\/v2\/product_cat?post=2547"},{"taxonomy":"product_tag","embeddable":true,"href":"https:\/\/ysballs.com\/de\/wp-json\/wp\/v2\/product_tag?post=2547"}],"curies":[{"name":"wp","href":"https:\/\/api.w.org\/{rel}","templated":true}]}}