{"id":1132,"date":"2025-03-06T06:29:25","date_gmt":"2025-03-06T06:29:25","guid":{"rendered":"https:\/\/ysballs.com\/product\/postcard-v1\/"},"modified":"2025-07-02T11:22:25","modified_gmt":"2025-07-02T11:22:25","slug":"bola-de-acero-con-bajo-contenido-en-carbono","status":"publish","type":"product","link":"https:\/\/ysballs.com\/es\/producto\/bola-de-acero-al-carbono\/bola-de-acero-con-bajo-contenido-en-carbono\/","title":{"rendered":"Bola de acero con bajo contenido en carbono"},"content":{"rendered":"<h3>Bolas de acero con bajo contenido en carbono<\/h3>\n<p>Material: AISI 1010-1015 (Q235)<\/p>\n<p>Di\u00e1metro: 1,5 mm-50,8 mm;<\/p>\n<p>Calidad: G100, G200, G500, G1000, G2000 seg\u00fan las normas ISO, DIN o AFBMA.<\/p>\n<p>Proceso\uff1atratamiento t\u00e9rmico o no<\/p>\n<p>Dureza: HRC50-55 \uff08 despu\u00e9s del tratamiento t\u00e9rmico)<\/p>\n<p>Aplicaci\u00f3n:<\/p>\n<ul>\n<li>Las bolas de acero al carbono con tratamiento t\u00e9rmico se utilizan en rodamientos de semiprecisi\u00f3n, carriles para muebles y ruedas, correderas de cajones, cerraduras, engrasadores, bicicletas, ferreter\u00edas, etc.<\/li>\n<li>Las bolas blandas de acero al carbono no endurecido se utilizan principalmente en soldadura, taladrado, roscado de dientes.<\/li>\n<\/ul>\n<p>&nbsp;<\/p>\n<h5>Tabla de composici\u00f3n qu\u00edmica<\/h5>\n<table>\n<thead>\n<tr>\n<th style=\"direction: rtl;\">Tipo<\/th>\n<th style=\"direction: rtl;\">%C<\/th>\n<th style=\"direction: rtl;\">%Si<\/th>\n<th style=\"direction: rtl;\">%Mn<\/th>\n<th style=\"direction: rtl;\">%P M\u00e1ximo<\/th>\n<th style=\"direction: rtl;\">%S M\u00e1x<\/th>\n<\/tr>\n<\/thead>\n<tbody>\n<tr>\n<td style=\"direction: ltr;\">1010<\/td>\n<td style=\"direction: ltr;\">0.08 &#8211; 0.13<\/td>\n<td style=\"direction: ltr;\">0.10 &#8211; 0.35<\/td>\n<td style=\"direction: ltr;\">0.30 &#8211; 0.60<\/td>\n<td style=\"direction: ltr;\">\u22640.040<\/td>\n<td style=\"direction: ltr;\">\u22640.050<\/td>\n<\/tr>\n<tr>\n<td style=\"direction: ltr;\">1015<\/td>\n<td style=\"direction: ltr;\">0.12 &#8211; 0.18<\/td>\n<td style=\"direction: ltr;\">0.10 &#8211; 0.35<\/td>\n<td style=\"direction: ltr;\">0.30 &#8211; 0.60<\/td>\n<td style=\"direction: ltr;\">\u22640.040<\/td>\n<td style=\"direction: ltr;\">\u22640.050<\/td>\n<\/tr>\n<\/tbody>\n<\/table>\n<p>&nbsp;<\/p>\n<h5>Si tiene alguna necesidad, p\u00f3ngase en contacto conmigo.<\/h5>\n<div class='fluentform ff-default fluentform_wrapper_7 ffs_default_wrap'><form data-form_id=\"7\" id=\"fluentform_7\" class=\"frm-fluent-form fluent_form_7 ff-el-form-top ff_form_instance_7_1 ff-form-loading ffs_default\" data-form_instance=\"ff_form_instance_7_1\" method=\"POST\" action=\"\" ><fieldset  style=\"border: none!important;margin: 0!important;padding: 0!important;background-color: transparent!important;box-shadow: none!important;outline: none!important; min-inline-size: 100%;\">\n                    <legend class=\"ff_screen_reader_title\" style=\"display: block; margin: 0!important;padding: 0!important;height: 0!important;text-indent: -999999px;width: 0!important;overflow:hidden;\">forma del producto<\/legend><input type='hidden' name='__fluent_form_embded_post_id' value='1132' \/><input type=\"hidden\" id=\"_fluentform_7_fluentformnonce\" name=\"_fluentform_7_fluentformnonce\" value=\"2ba762f847\" \/><input type=\"hidden\" name=\"_wp_http_referer\" value=\"\/es\/wp-json\/wp\/v2\/product\/1132\" \/><input type=\"hidden\" name=\"hidden\" value=\"document.querySelector('h1.product_title').textContent\" data-name=\"hidden\" ><input type=\"hidden\" name=\"hidden_1\" value=\"window.location.href\" data-name=\"hidden_1\" ><div data-type=\"name-element\" data-name=\"names\" class=\"ff-field_container ff-name-field-wrapper\" ><div class='ff-t-container'><div class='ff-t-cell'><div class='ff-el-group'><div class=\"ff-el-input--label ff-el-is-required asterisk-right\"><label for='ff_7_names_first_name_' >Nombre<\/label><\/div><div class='ff-el-input--content'><input type=\"text\" name=\"names[first_name]\" id=\"ff_7_names_first_name_\" class=\"ff-el-form-control\" aria-invalid=\"false\" aria-required=\"true\"><\/div><\/div><\/div><div class='ff-t-cell'><div class='ff-el-group'><div class=\"ff-el-input--label ff-el-is-required asterisk-right\"><label for='ff_7_names_last_name_' >Apellido<\/label><\/div><div class='ff-el-input--content'><input type=\"text\" name=\"names[last_name]\" id=\"ff_7_names_last_name_\" class=\"ff-el-form-control\" aria-invalid=\"false\" aria-required=\"true\"><\/div><\/div><\/div><\/div><\/div><div class='ff-el-group'><div class=\"ff-el-input--label ff-el-is-required asterisk-right\"><label for='ff_7_email' aria-label=\"Correo electr\u00f3nico\">Correo electr\u00f3nico<\/label><\/div><div class='ff-el-input--content'><input type=\"email\" name=\"email\" id=\"ff_7_email\" class=\"ff-el-form-control\" placeholder=\"you@domain.com\" data-name=\"email\"  aria-invalid=\"false\" aria-required=\"true\"><\/div><\/div><div class='ff-el-group'><div class=\"ff-el-input--label ff-el-is-required asterisk-right\"><label for='ff_7_description' aria-label=\"Descripci\u00f3n\">Descripci\u00f3n<\/label><\/div><div class='ff-el-input--content'><textarea aria-invalid=\"false\" aria-required=\"true\" name=\"description\" id=\"ff_7_description\" class=\"ff-el-form-control\" rows=\"4\" cols=\"2\" data-name=\"description\" ><\/textarea><\/div><\/div><div class='ff-el-group ff-text-left ff_submit_btn_wrapper'><button type=\"submit\" class=\"ff-btn ff-btn-submit ff-btn-md ff_btn_style wpf_has_custom_css\" >Enviar consulta<\/button><\/div><\/fieldset><input type=\"hidden\" name=\"trp-form-language\" value=\"es\"\/><\/form><div id='fluentform_7_errors' class='ff-errors-in-stack ff_form_instance_7_1 ff-form-loading_errors ff_form_instance_7_1_errors'><\/div><\/div>        <script type=\"text\/javascript\">\n            window.fluent_form_ff_form_instance_7_1 = {\"id\":\"7\",\"settings\":{\"layout\":{\"labelPlacement\":\"top\",\"asteriskPlacement\":\"asterisk-right\",\"helpMessagePlacement\":\"with_label\",\"errorMessagePlacement\":\"inline\",\"cssClassName\":\"\"},\"restrictions\":{\"denyEmptySubmission\":{\"enabled\":false}}},\"form_instance\":\"ff_form_instance_7_1\",\"form_id_selector\":\"fluentform_7\",\"rules\":{\"names[first_name]\":{\"required\":{\"value\":true,\"message\":\"Este campo es obligatorio\",\"global\":true,\"global_message\":\"\\u8fd9\\u662f\\u5fc5\\u586b\\u680f\"}},\"names[middle_name]\":{\"required\":{\"value\":false,\"message\":\"Este campo es obligatorio\",\"global\":true,\"global_message\":\"\\u8fd9\\u662f\\u5fc5\\u586b\\u680f\"}},\"names[last_name]\":{\"required\":{\"value\":true,\"message\":\"Este campo es obligatorio\",\"global\":true,\"global_message\":\"\\u8fd9\\u662f\\u5fc5\\u586b\\u680f\"}},\"email\":{\"required\":{\"value\":true,\"message\":\"Email field is required\",\"global\":false,\"global_message\":\"\\u8fd9\\u662f\\u5fc5\\u586b\\u680f\"},\"email\":{\"value\":true,\"message\":\"Este campo debe contener un correo electr\\u00f3nico v\\u00e1lido\",\"global\":true,\"global_message\":\"\\u6b64\\u5b57\\u6bb5\\u5fc5\\u987b\\u5305\\u542b\\u6709\\u6548\\u7684\\u7535\\u5b50\\u90ae\\u7bb1\\u5730\\u5740\"}},\"description\":{\"required\":{\"value\":true,\"message\":\"Este campo es obligatorio\",\"global\":true,\"global_message\":\"\\u8fd9\\u662f\\u5fc5\\u586b\\u680f\"}}},\"debounce_time\":300};\n                    <\/script>","protected":false},"excerpt":{"rendered":"<p>Las bolas de acero al carbono 1010\/1015 se caracterizan por su bajo coste, alta dureza y aplicaciones vers\u00e1tiles. Presentan propiedades magn\u00e9ticas con una estructura metalogr\u00e1fica de ferrita. Com\u00fanmente utilizadas en envases aceitosos, estas bolas suelen someterse a procesos de galvanizaci\u00f3n, niquelado, etc.<\/p>\n<p>Bola de acero de bajo carbono, despu\u00e9s del tratamiento t\u00e9rmico (temple) para hacer su dureza puede alcanzar hrc50-55, m\u00e1s resistente al desgaste, adecuado para instrumentos, herramientas de hardware, artesan\u00edas, bicicletas, etc. Sin tratamiento t\u00e9rmico, com\u00fanmente conocida como bola de hierro, la dureza es menor, m\u00e1s utilizada para soldadura, taladrado, roscado de dientes.<\/p>","protected":false},"featured_media":2011,"comment_status":"closed","ping_status":"closed","template":"","meta":{"_uag_custom_page_level_css":"","site-sidebar-layout":"default","site-content-layout":"default","ast-site-content-layout":"default","site-content-style":"default","site-sidebar-style":"default","ast-global-header-display":"","ast-banner-title-visibility":"","ast-main-header-display":"","ast-hfb-above-header-display":"","ast-hfb-below-header-display":"","ast-hfb-mobile-header-display":"","site-post-title":"","ast-breadcrumbs-content":"","ast-featured-img":"","footer-sml-layout":"","theme-transparent-header-meta":"default","adv-header-id-meta":"","stick-header-meta":"","header-above-stick-meta":"","header-main-stick-meta":"","header-below-stick-meta":"","astra-migrate-meta-layouts":"set","ast-page-background-enabled":"default","ast-page-background-meta":{"desktop":{"background-color":"var(--ast-global-color-4)","background-image":"","background-repeat":"repeat","background-position":"center center","background-size":"auto","background-attachment":"scroll","background-type":"","background-media":"","overlay-type":"","overlay-color":"","overlay-opacity":"","overlay-gradient":""},"tablet":{"background-color":"","background-image":"","background-repeat":"repeat","background-position":"center center","background-size":"auto","background-attachment":"scroll","background-type":"","background-media":"","overlay-type":"","overlay-color":"","overlay-opacity":"","overlay-gradient":""},"mobile":{"background-color":"","background-image":"","background-repeat":"repeat","background-position":"center center","background-size":"auto","background-attachment":"scroll","background-type":"","background-media":"","overlay-type":"","overlay-color":"","overlay-opacity":"","overlay-gradient":""}},"ast-content-background-meta":{"desktop":{"background-color":"var(--ast-global-color-5)","background-image":"","background-repeat":"repeat","background-position":"center center","background-size":"auto","background-attachment":"scroll","background-type":"","background-media":"","overlay-type":"","overlay-color":"","overlay-opacity":"","overlay-gradient":""},"tablet":{"background-color":"var(--ast-global-color-5)","background-image":"","background-repeat":"repeat","background-position":"center center","background-size":"auto","background-attachment":"scroll","background-type":"","background-media":"","overlay-type":"","overlay-color":"","overlay-opacity":"","overlay-gradient":""},"mobile":{"background-color":"var(--ast-global-color-5)","background-image":"","background-repeat":"repeat","background-position":"center center","background-size":"auto","background-attachment":"scroll","background-type":"","background-media":"","overlay-type":"","overlay-color":"","overlay-opacity":"","overlay-gradient":""}}},"product_brand":[],"product_cat":[20],"product_tag":[21],"class_list":{"0":"post-1132","1":"product","2":"type-product","3":"status-publish","4":"has-post-thumbnail","6":"product_cat-carbon-steel-ball","7":"product_tag-aisi1010-1015-low-carbon-steel-ball","8":"desktop-align-left","9":"tablet-align-left","10":"mobile-align-left","12":"first","13":"instock","14":"shipping-taxable","15":"product-type-simple"},"uagb_featured_image_src":{"full":["https:\/\/ysballs.com\/wp-content\/uploads\/2025\/03\/carbon-steel-ball.jpg",1000,1000,false],"thumbnail":["https:\/\/ysballs.com\/wp-content\/uploads\/2025\/03\/carbon-steel-ball-150x150.jpg",150,150,true],"medium":["https:\/\/ysballs.com\/wp-content\/uploads\/2025\/03\/carbon-steel-ball-300x300.jpg",300,300,true],"medium_large":["https:\/\/ysballs.com\/wp-content\/uploads\/2025\/03\/carbon-steel-ball-768x768.jpg",768,768,true],"large":["https:\/\/ysballs.com\/wp-content\/uploads\/2025\/03\/carbon-steel-ball.jpg",1000,1000,false],"1536x1536":["https:\/\/ysballs.com\/wp-content\/uploads\/2025\/03\/carbon-steel-ball.jpg",1000,1000,false],"2048x2048":["https:\/\/ysballs.com\/wp-content\/uploads\/2025\/03\/carbon-steel-ball.jpg",1000,1000,false],"trp-custom-language-flag":["https:\/\/ysballs.com\/wp-content\/uploads\/2025\/03\/carbon-steel-ball.jpg",12,12,false],"woocommerce_thumbnail":["https:\/\/ysballs.com\/wp-content\/uploads\/2025\/03\/carbon-steel-ball-300x300.jpg",300,300,true],"woocommerce_single":["https:\/\/ysballs.com\/wp-content\/uploads\/2025\/03\/carbon-steel-ball-600x600.jpg",600,600,true],"woocommerce_gallery_thumbnail":["https:\/\/ysballs.com\/wp-content\/uploads\/2025\/03\/carbon-steel-ball-100x100.jpg",100,100,true]},"uagb_author_info":{"display_name":"YUNSHUO BALLS","author_link":"https:\/\/ysballs.com\/es\/author\/"},"uagb_comment_info":0,"uagb_excerpt":"The 1010\/1015 carbon steel balls feature low cost, high hardness, and versatile applications. They exhibit magnetic properties with a ferrite metallographic structure. Commonly used in oily packaging, these balls are typically subjected to electroplating processes such as galvanization, nickel plating, and so on. Low carbon steel ball, after heat treatment (quenching) to make its hardness&hellip;","_links":{"self":[{"href":"https:\/\/ysballs.com\/es\/wp-json\/wp\/v2\/product\/1132","targetHints":{"allow":["GET"]}}],"collection":[{"href":"https:\/\/ysballs.com\/es\/wp-json\/wp\/v2\/product"}],"about":[{"href":"https:\/\/ysballs.com\/es\/wp-json\/wp\/v2\/types\/product"}],"replies":[{"embeddable":true,"href":"https:\/\/ysballs.com\/es\/wp-json\/wp\/v2\/comments?post=1132"}],"wp:featuredmedia":[{"embeddable":true,"href":"https:\/\/ysballs.com\/es\/wp-json\/wp\/v2\/media\/2011"}],"wp:attachment":[{"href":"https:\/\/ysballs.com\/es\/wp-json\/wp\/v2\/media?parent=1132"}],"wp:term":[{"taxonomy":"product_brand","embeddable":true,"href":"https:\/\/ysballs.com\/es\/wp-json\/wp\/v2\/product_brand?post=1132"},{"taxonomy":"product_cat","embeddable":true,"href":"https:\/\/ysballs.com\/es\/wp-json\/wp\/v2\/product_cat?post=1132"},{"taxonomy":"product_tag","embeddable":true,"href":"https:\/\/ysballs.com\/es\/wp-json\/wp\/v2\/product_tag?post=1132"}],"curies":[{"name":"wp","href":"https:\/\/api.w.org\/{rel}","templated":true}]}}