{"id":1135,"date":"2025-03-06T06:29:25","date_gmt":"2025-03-06T06:29:25","guid":{"rendered":"https:\/\/ysballs.com\/product\/poster-v4\/"},"modified":"2025-07-02T10:16:10","modified_gmt":"2025-07-02T10:16:10","slug":"bola-de-plastico-hdpe","status":"publish","type":"product","link":"https:\/\/ysballs.com\/es\/producto\/bolas-de-plastico\/bola-de-plastico-hdpe\/","title":{"rendered":"Bola de pl\u00e1stico HDPE"},"content":{"rendered":"<h5>Bolas de pl\u00e1stico HDPE (polietileno de alta densidad)<\/h5>\n<h4><\/h4>\n<ul>\n<li>Di\u00e1metro: 1,5 mm-100 mm<\/li>\n<li>Grado de precisi\u00f3n: G0-G3<\/li>\n<li>Colores: Blanco, Negro, Amarillo, personalizable.<\/li>\n<li>Resistencia qu\u00edmica: Excelente resistencia a \u00e1cidos, \u00e1lcalis y disolventes (por ejemplo, soluciones de HCl, NaOH).<\/li>\n<li>Ligero y duradero: Densidad 0,94-0,97 g\/cm\u00b3 con alta resistencia y bajo coeficiente de fricci\u00f3n.<\/li>\n<li>Gama de temperaturas: de -50\u00b0C a +80\u00b0C (a corto plazo hasta +100\u00b0C).<\/li>\n<li>Seguridad alimentaria: Conforme a las normas FDA y EC1935, no t\u00f3xico e inodoro.<\/li>\n<\/ul>\n<h6>Propiedades mec\u00e1nicas<\/h6>\n<table>\n<thead>\n<tr>\n<th>Propiedad<\/th>\n<th>Valor\/Descripci\u00f3n<\/th>\n<\/tr>\n<\/thead>\n<tbody>\n<tr>\n<td>Resistencia a la tracci\u00f3n<\/td>\n<td>20-30 MPa<\/td>\n<\/tr>\n<tr>\n<td>Dureza (Shore D)<\/td>\n<td>60-70<\/td>\n<\/tr>\n<tr>\n<td>Resistencia al impacto<\/td>\n<td>Alta (sin fractura)<\/td>\n<\/tr>\n<tr>\n<td>Absorci\u00f3n de agua<\/td>\n<td>&lt;0,01%<\/td>\n<\/tr>\n<\/tbody>\n<\/table>\n<h6>Resistencia qu\u00edmica<\/h6>\n<ul>\n<li>\u00c1cidos: Resiste HCl (\u226430%), H\u2082SO\u2084 (\u226450%).<\/li>\n<li>\u00c1lcalis: Resiste NaOH (\u226450%), KOH (\u226440%).<\/li>\n<li>Disolventes: No recomendado para hidrocarburos (por ejemplo, gasolina, tolueno).<\/li>\n<\/ul>\n<h6>Aplicaciones<\/h6>\n<ul>\n<li>Industria qu\u00edmica: Juntas de v\u00e1lvulas, flotadores de bombas.<\/li>\n<li>Procesado de alimentos: Rodillos transportadores, piezas de contenedores aptos para alimentos.<\/li>\n<li>Bienes de consumo: Juguetes, balones de equipamiento deportivo.<\/li>\n<li>Medio ambiente: medios de tratamiento del agua, boyas.<\/li>\n<li>Bolas de polietileno alimentario, esferas de pl\u00e1stico resistentes a productos qu\u00edmicos<\/li>\n<\/ul>\n<h5>Si tiene alguna necesidad, p\u00f3ngase en contacto con nosotros.<\/h5>\n<div class='fluentform ff-default fluentform_wrapper_7 ffs_default_wrap'><form data-form_id=\"7\" id=\"fluentform_7\" class=\"frm-fluent-form fluent_form_7 ff-el-form-top ff_form_instance_7_1 ff-form-loading ffs_default\" data-form_instance=\"ff_form_instance_7_1\" method=\"POST\" action=\"\" ><fieldset  style=\"border: none!important;margin: 0!important;padding: 0!important;background-color: transparent!important;box-shadow: none!important;outline: none!important; min-inline-size: 100%;\">\n                    <legend class=\"ff_screen_reader_title\" style=\"display: block; margin: 0!important;padding: 0!important;height: 0!important;text-indent: -999999px;width: 0!important;overflow:hidden;\">forma del producto<\/legend><input type='hidden' name='__fluent_form_embded_post_id' value='1135' \/><input type=\"hidden\" id=\"_fluentform_7_fluentformnonce\" name=\"_fluentform_7_fluentformnonce\" value=\"2ba762f847\" \/><input type=\"hidden\" name=\"_wp_http_referer\" value=\"\/es\/wp-json\/wp\/v2\/product\/1135\" \/><input type=\"hidden\" name=\"hidden\" value=\"document.querySelector('h1.product_title').textContent\" data-name=\"hidden\" ><input type=\"hidden\" name=\"hidden_1\" value=\"window.location.href\" data-name=\"hidden_1\" ><div data-type=\"name-element\" data-name=\"names\" class=\"ff-field_container ff-name-field-wrapper\" ><div class='ff-t-container'><div class='ff-t-cell'><div class='ff-el-group'><div class=\"ff-el-input--label ff-el-is-required asterisk-right\"><label for='ff_7_names_first_name_' >Nombre<\/label><\/div><div class='ff-el-input--content'><input type=\"text\" name=\"names[first_name]\" id=\"ff_7_names_first_name_\" class=\"ff-el-form-control\" aria-invalid=\"false\" aria-required=\"true\"><\/div><\/div><\/div><div class='ff-t-cell'><div class='ff-el-group'><div class=\"ff-el-input--label ff-el-is-required asterisk-right\"><label for='ff_7_names_last_name_' >Apellido<\/label><\/div><div class='ff-el-input--content'><input type=\"text\" name=\"names[last_name]\" id=\"ff_7_names_last_name_\" class=\"ff-el-form-control\" aria-invalid=\"false\" aria-required=\"true\"><\/div><\/div><\/div><\/div><\/div><div class='ff-el-group'><div class=\"ff-el-input--label ff-el-is-required asterisk-right\"><label for='ff_7_email' aria-label=\"Correo electr\u00f3nico\">Correo electr\u00f3nico<\/label><\/div><div class='ff-el-input--content'><input type=\"email\" name=\"email\" id=\"ff_7_email\" class=\"ff-el-form-control\" placeholder=\"you@domain.com\" data-name=\"email\"  aria-invalid=\"false\" aria-required=\"true\"><\/div><\/div><div class='ff-el-group'><div class=\"ff-el-input--label ff-el-is-required asterisk-right\"><label for='ff_7_description' aria-label=\"Descripci\u00f3n\">Descripci\u00f3n<\/label><\/div><div class='ff-el-input--content'><textarea aria-invalid=\"false\" aria-required=\"true\" name=\"description\" id=\"ff_7_description\" class=\"ff-el-form-control\" rows=\"4\" cols=\"2\" data-name=\"description\" ><\/textarea><\/div><\/div><div class='ff-el-group ff-text-left ff_submit_btn_wrapper'><button type=\"submit\" class=\"ff-btn ff-btn-submit ff-btn-md ff_btn_style wpf_has_custom_css\" >Enviar consulta<\/button><\/div><\/fieldset><input type=\"hidden\" name=\"trp-form-language\" value=\"es\"\/><\/form><div id='fluentform_7_errors' class='ff-errors-in-stack ff_form_instance_7_1 ff-form-loading_errors ff_form_instance_7_1_errors'><\/div><\/div>        <script type=\"text\/javascript\">\n            window.fluent_form_ff_form_instance_7_1 = {\"id\":\"7\",\"settings\":{\"layout\":{\"labelPlacement\":\"top\",\"asteriskPlacement\":\"asterisk-right\",\"helpMessagePlacement\":\"with_label\",\"errorMessagePlacement\":\"inline\",\"cssClassName\":\"\"},\"restrictions\":{\"denyEmptySubmission\":{\"enabled\":false}}},\"form_instance\":\"ff_form_instance_7_1\",\"form_id_selector\":\"fluentform_7\",\"rules\":{\"names[first_name]\":{\"required\":{\"value\":true,\"message\":\"Este campo es obligatorio\",\"global\":true,\"global_message\":\"\\u8fd9\\u662f\\u5fc5\\u586b\\u680f\"}},\"names[middle_name]\":{\"required\":{\"value\":false,\"message\":\"Este campo es obligatorio\",\"global\":true,\"global_message\":\"\\u8fd9\\u662f\\u5fc5\\u586b\\u680f\"}},\"names[last_name]\":{\"required\":{\"value\":true,\"message\":\"Este campo es obligatorio\",\"global\":true,\"global_message\":\"\\u8fd9\\u662f\\u5fc5\\u586b\\u680f\"}},\"email\":{\"required\":{\"value\":true,\"message\":\"Email field is required\",\"global\":false,\"global_message\":\"\\u8fd9\\u662f\\u5fc5\\u586b\\u680f\"},\"email\":{\"value\":true,\"message\":\"Este campo debe contener un correo electr\\u00f3nico v\\u00e1lido\",\"global\":true,\"global_message\":\"\\u6b64\\u5b57\\u6bb5\\u5fc5\\u987b\\u5305\\u542b\\u6709\\u6548\\u7684\\u7535\\u5b50\\u90ae\\u7bb1\\u5730\\u5740\"}},\"description\":{\"required\":{\"value\":true,\"message\":\"Este campo es obligatorio\",\"global\":true,\"global_message\":\"\\u8fd9\\u662f\\u5fc5\\u586b\\u680f\"}}},\"debounce_time\":300};\n                    <\/script>","protected":false},"excerpt":{"rendered":"<p>&nbsp;<\/p>\n<p>Las bolas de polietileno son esferas termopl\u00e1sticas ligeras disponibles en tres variantes: alta densidad, baja densidad y peso molecular ultraalto. Entre ellas, el polietileno de alta densidad (HDPE) destaca por sus propiedades mec\u00e1nicas superiores. Las bolas de polietileno de alta densidad (HDPE) se caracterizan por una mayor densidad y dureza, una excelente resistencia al desgaste, una extraordinaria resistencia a la corrosi\u00f3n y una notable resistencia a la radiaci\u00f3n.<\/p>","protected":false},"featured_media":2108,"comment_status":"closed","ping_status":"closed","template":"","meta":{"_uag_custom_page_level_css":"","site-sidebar-layout":"default","site-content-layout":"default","ast-site-content-layout":"default","site-content-style":"default","site-sidebar-style":"default","ast-global-header-display":"","ast-banner-title-visibility":"","ast-main-header-display":"","ast-hfb-above-header-display":"","ast-hfb-below-header-display":"","ast-hfb-mobile-header-display":"","site-post-title":"","ast-breadcrumbs-content":"","ast-featured-img":"","footer-sml-layout":"","theme-transparent-header-meta":"default","adv-header-id-meta":"","stick-header-meta":"","header-above-stick-meta":"","header-main-stick-meta":"","header-below-stick-meta":"","astra-migrate-meta-layouts":"set","ast-page-background-enabled":"default","ast-page-background-meta":{"desktop":{"background-color":"var(--ast-global-color-4)","background-image":"","background-repeat":"repeat","background-position":"center center","background-size":"auto","background-attachment":"scroll","background-type":"","background-media":"","overlay-type":"","overlay-color":"","overlay-opacity":"","overlay-gradient":""},"tablet":{"background-color":"","background-image":"","background-repeat":"repeat","background-position":"center center","background-size":"auto","background-attachment":"scroll","background-type":"","background-media":"","overlay-type":"","overlay-color":"","overlay-opacity":"","overlay-gradient":""},"mobile":{"background-color":"","background-image":"","background-repeat":"repeat","background-position":"center center","background-size":"auto","background-attachment":"scroll","background-type":"","background-media":"","overlay-type":"","overlay-color":"","overlay-opacity":"","overlay-gradient":""}},"ast-content-background-meta":{"desktop":{"background-color":"var(--ast-global-color-5)","background-image":"","background-repeat":"repeat","background-position":"center center","background-size":"auto","background-attachment":"scroll","background-type":"","background-media":"","overlay-type":"","overlay-color":"","overlay-opacity":"","overlay-gradient":""},"tablet":{"background-color":"var(--ast-global-color-5)","background-image":"","background-repeat":"repeat","background-position":"center center","background-size":"auto","background-attachment":"scroll","background-type":"","background-media":"","overlay-type":"","overlay-color":"","overlay-opacity":"","overlay-gradient":""},"mobile":{"background-color":"var(--ast-global-color-5)","background-image":"","background-repeat":"repeat","background-position":"center center","background-size":"auto","background-attachment":"scroll","background-type":"","background-media":"","overlay-type":"","overlay-color":"","overlay-opacity":"","overlay-gradient":""}}},"product_brand":[],"product_cat":[32],"product_tag":[37],"class_list":{"0":"post-1135","1":"product","2":"type-product","3":"status-publish","4":"has-post-thumbnail","6":"product_cat-plastic-balls","7":"product_tag-hdpe-plastic-ball","8":"desktop-align-left","9":"tablet-align-left","10":"mobile-align-left","12":"first","13":"instock","14":"shipping-taxable","15":"product-type-simple"},"uagb_featured_image_src":{"full":["https:\/\/ysballs.com\/wp-content\/uploads\/2025\/03\/HDPE-balls.jpg",1000,1000,false],"thumbnail":["https:\/\/ysballs.com\/wp-content\/uploads\/2025\/03\/HDPE-balls-150x150.jpg",150,150,true],"medium":["https:\/\/ysballs.com\/wp-content\/uploads\/2025\/03\/HDPE-balls-300x300.jpg",300,300,true],"medium_large":["https:\/\/ysballs.com\/wp-content\/uploads\/2025\/03\/HDPE-balls-768x768.jpg",768,768,true],"large":["https:\/\/ysballs.com\/wp-content\/uploads\/2025\/03\/HDPE-balls.jpg",1000,1000,false],"1536x1536":["https:\/\/ysballs.com\/wp-content\/uploads\/2025\/03\/HDPE-balls.jpg",1000,1000,false],"2048x2048":["https:\/\/ysballs.com\/wp-content\/uploads\/2025\/03\/HDPE-balls.jpg",1000,1000,false],"trp-custom-language-flag":["https:\/\/ysballs.com\/wp-content\/uploads\/2025\/03\/HDPE-balls.jpg",12,12,false],"woocommerce_thumbnail":["https:\/\/ysballs.com\/wp-content\/uploads\/2025\/03\/HDPE-balls-300x300.jpg",300,300,true],"woocommerce_single":["https:\/\/ysballs.com\/wp-content\/uploads\/2025\/03\/HDPE-balls-600x600.jpg",600,600,true],"woocommerce_gallery_thumbnail":["https:\/\/ysballs.com\/wp-content\/uploads\/2025\/03\/HDPE-balls-100x100.jpg",100,100,true]},"uagb_author_info":{"display_name":"YUNSHUO BALLS","author_link":"https:\/\/ysballs.com\/es\/author\/"},"uagb_comment_info":0,"uagb_excerpt":"&nbsp; Polyethylene balls are lightweight thermoplastic spheres available in three variants: high-density, low-density, and ultra-high molecular weight. Among these, high-density polyethylene (HDPE) stands out for its superior mechanical properties. Ysballs high-density polyethylene (HDPE) characterized by a higher density and hardness, excellent wear resistance, outstanding corrosion resistance, and notable radiation resistance.","_links":{"self":[{"href":"https:\/\/ysballs.com\/es\/wp-json\/wp\/v2\/product\/1135","targetHints":{"allow":["GET"]}}],"collection":[{"href":"https:\/\/ysballs.com\/es\/wp-json\/wp\/v2\/product"}],"about":[{"href":"https:\/\/ysballs.com\/es\/wp-json\/wp\/v2\/types\/product"}],"replies":[{"embeddable":true,"href":"https:\/\/ysballs.com\/es\/wp-json\/wp\/v2\/comments?post=1135"}],"wp:featuredmedia":[{"embeddable":true,"href":"https:\/\/ysballs.com\/es\/wp-json\/wp\/v2\/media\/2108"}],"wp:attachment":[{"href":"https:\/\/ysballs.com\/es\/wp-json\/wp\/v2\/media?parent=1135"}],"wp:term":[{"taxonomy":"product_brand","embeddable":true,"href":"https:\/\/ysballs.com\/es\/wp-json\/wp\/v2\/product_brand?post=1135"},{"taxonomy":"product_cat","embeddable":true,"href":"https:\/\/ysballs.com\/es\/wp-json\/wp\/v2\/product_cat?post=1135"},{"taxonomy":"product_tag","embeddable":true,"href":"https:\/\/ysballs.com\/es\/wp-json\/wp\/v2\/product_tag?post=1135"}],"curies":[{"name":"wp","href":"https:\/\/api.w.org\/{rel}","templated":true}]}}