{"id":1137,"date":"2025-03-06T06:29:25","date_gmt":"2025-03-06T06:29:25","guid":{"rendered":"https:\/\/ysballs.com\/product\/poster-v2\/"},"modified":"2025-07-02T10:09:00","modified_gmt":"2025-07-02T10:09:00","slug":"bola-ceramica-de-circonio","status":"publish","type":"product","link":"https:\/\/ysballs.com\/es\/producto\/bolas-de-ceramica\/bola-ceramica-de-circonio\/","title":{"rendered":"Bola cer\u00e1mica de circonio"},"content":{"rendered":"<h5><strong>Bolas de cer\u00e1mica de circonio (ZrO\u2082)<\/strong><\/h5>\n<ul>\n<li>Material: ZrO\u2082<\/li>\n<li>Color: Blanco<\/li>\n<li>Caracter\u00edstica: bajo coste, alta resistencia, alta tenacidad y buena resistencia a la corrosi\u00f3n.<\/li>\n<li>Di\u00e1metro: 0,6 mm-100 mm<\/li>\n<li>Norma: ISO3290<\/li>\n<li>Precisi\u00f3n de la bola: G10-G100<\/li>\n<li>Vida \u00fatil entre 5 y 8 veces superior a la de la al\u00famina o el carburo de silicio en condiciones abrasivas.<\/li>\n<\/ul>\n<h6>Especificaciones t\u00e9cnicas<\/h6>\n<table>\n<thead>\n<tr>\n<th>Propiedad<\/th>\n<th>Valor\/Descripci\u00f3n<\/th>\n<\/tr>\n<\/thead>\n<tbody>\n<tr>\n<td>ZrO\u2082 Pureza<\/td>\n<td>\u226595% (estabilizado con itrio, Y-TZP)<\/td>\n<\/tr>\n<tr>\n<td>Densidad<\/td>\n<td>6,0-6,1 g\/cm\u00b3<\/td>\n<\/tr>\n<tr>\n<td>Resistencia a la flexi\u00f3n<\/td>\n<td>800-1.200 MPa<\/td>\n<\/tr>\n<tr>\n<td>Resistencia a la compresi\u00f3n<\/td>\n<td>2.000-2.500 MPa<\/td>\n<\/tr>\n<tr>\n<td>Expansi\u00f3n t\u00e9rmica<\/td>\n<td>10,5 \u00d710-\u2076\/\u00b0C (20-1.000\u00b0C)<\/td>\n<\/tr>\n<tr>\n<td>Resistividad el\u00e9ctrica<\/td>\n<td>&gt;10\u00b9\u00b2 \u03a9-cm (Aislante)<\/td>\n<\/tr>\n<\/tbody>\n<\/table>\n<hr \/>\n<h6>Aplicaciones<\/h6>\n<table>\n<thead>\n<tr>\n<th>Industria<\/th>\n<th>Principales casos de uso<\/th>\n<\/tr>\n<\/thead>\n<tbody>\n<tr>\n<td>M\u00e9dico<\/td>\n<td>Pr\u00f3tesis de cadera y rodilla, implantes dentales, herramientas quir\u00fargicas.<\/td>\n<\/tr>\n<tr>\n<td>Ingenier\u00eda de precisi\u00f3n<\/td>\n<td>Rodamientos de alta velocidad, componentes de husillos CNC, dispositivos de metrolog\u00eda.<\/td>\n<\/tr>\n<tr>\n<td>Energ\u00eda<\/td>\n<td>Juntas de pilas de combustible, componentes de v\u00e1lvulas de hidr\u00f3geno, piezas de reactores nucleares.<\/td>\n<\/tr>\n<tr>\n<td>Electr\u00f3nica<\/td>\n<td>Sustratos aislantes, mandriles para obleas semiconductoras.<\/td>\n<\/tr>\n<tr>\n<td>Automoci\u00f3n<\/td>\n<td>Sondas Lambda, rotores de turbocompresor, v\u00e1lvulas EGR.<\/td>\n<\/tr>\n<\/tbody>\n<\/table>\n<p>&nbsp;<\/p>\n<h5>Si tiene alguna necesidad, p\u00f3ngase en contacto con nosotros.<\/h5>\n<div class='fluentform ff-default fluentform_wrapper_7 ffs_default_wrap'><form data-form_id=\"7\" id=\"fluentform_7\" class=\"frm-fluent-form fluent_form_7 ff-el-form-top ff_form_instance_7_1 ff-form-loading ffs_default\" data-form_instance=\"ff_form_instance_7_1\" method=\"POST\" action=\"\" ><fieldset  style=\"border: none!important;margin: 0!important;padding: 0!important;background-color: transparent!important;box-shadow: none!important;outline: none!important; min-inline-size: 100%;\">\n                    <legend class=\"ff_screen_reader_title\" style=\"display: block; margin: 0!important;padding: 0!important;height: 0!important;text-indent: -999999px;width: 0!important;overflow:hidden;\">forma del producto<\/legend><input type='hidden' name='__fluent_form_embded_post_id' value='1137' \/><input type=\"hidden\" id=\"_fluentform_7_fluentformnonce\" name=\"_fluentform_7_fluentformnonce\" value=\"2ba762f847\" \/><input type=\"hidden\" name=\"_wp_http_referer\" value=\"\/es\/wp-json\/wp\/v2\/product\/1137\" \/><input type=\"hidden\" name=\"hidden\" value=\"document.querySelector('h1.product_title').textContent\" data-name=\"hidden\" ><input type=\"hidden\" name=\"hidden_1\" value=\"window.location.href\" data-name=\"hidden_1\" ><div data-type=\"name-element\" data-name=\"names\" class=\"ff-field_container ff-name-field-wrapper\" ><div class='ff-t-container'><div class='ff-t-cell'><div class='ff-el-group'><div class=\"ff-el-input--label ff-el-is-required asterisk-right\"><label for='ff_7_names_first_name_' >Nombre<\/label><\/div><div class='ff-el-input--content'><input type=\"text\" name=\"names[first_name]\" id=\"ff_7_names_first_name_\" class=\"ff-el-form-control\" aria-invalid=\"false\" aria-required=\"true\"><\/div><\/div><\/div><div class='ff-t-cell'><div class='ff-el-group'><div class=\"ff-el-input--label ff-el-is-required asterisk-right\"><label for='ff_7_names_last_name_' >Apellido<\/label><\/div><div class='ff-el-input--content'><input type=\"text\" name=\"names[last_name]\" id=\"ff_7_names_last_name_\" class=\"ff-el-form-control\" aria-invalid=\"false\" aria-required=\"true\"><\/div><\/div><\/div><\/div><\/div><div class='ff-el-group'><div class=\"ff-el-input--label ff-el-is-required asterisk-right\"><label for='ff_7_email' aria-label=\"Correo electr\u00f3nico\">Correo electr\u00f3nico<\/label><\/div><div class='ff-el-input--content'><input type=\"email\" name=\"email\" id=\"ff_7_email\" class=\"ff-el-form-control\" placeholder=\"you@domain.com\" data-name=\"email\"  aria-invalid=\"false\" aria-required=\"true\"><\/div><\/div><div class='ff-el-group'><div class=\"ff-el-input--label ff-el-is-required asterisk-right\"><label for='ff_7_description' aria-label=\"Descripci\u00f3n\">Descripci\u00f3n<\/label><\/div><div class='ff-el-input--content'><textarea aria-invalid=\"false\" aria-required=\"true\" name=\"description\" id=\"ff_7_description\" class=\"ff-el-form-control\" rows=\"4\" cols=\"2\" data-name=\"description\" ><\/textarea><\/div><\/div><div class='ff-el-group ff-text-left ff_submit_btn_wrapper'><button type=\"submit\" class=\"ff-btn ff-btn-submit ff-btn-md ff_btn_style wpf_has_custom_css\" >Enviar consulta<\/button><\/div><\/fieldset><input type=\"hidden\" name=\"trp-form-language\" value=\"es\"\/><\/form><div id='fluentform_7_errors' class='ff-errors-in-stack ff_form_instance_7_1 ff-form-loading_errors ff_form_instance_7_1_errors'><\/div><\/div>        <script type=\"text\/javascript\">\n            window.fluent_form_ff_form_instance_7_1 = {\"id\":\"7\",\"settings\":{\"layout\":{\"labelPlacement\":\"top\",\"asteriskPlacement\":\"asterisk-right\",\"helpMessagePlacement\":\"with_label\",\"errorMessagePlacement\":\"inline\",\"cssClassName\":\"\"},\"restrictions\":{\"denyEmptySubmission\":{\"enabled\":false}}},\"form_instance\":\"ff_form_instance_7_1\",\"form_id_selector\":\"fluentform_7\",\"rules\":{\"names[first_name]\":{\"required\":{\"value\":true,\"message\":\"Este campo es obligatorio\",\"global\":true,\"global_message\":\"\\u8fd9\\u662f\\u5fc5\\u586b\\u680f\"}},\"names[middle_name]\":{\"required\":{\"value\":false,\"message\":\"Este campo es obligatorio\",\"global\":true,\"global_message\":\"\\u8fd9\\u662f\\u5fc5\\u586b\\u680f\"}},\"names[last_name]\":{\"required\":{\"value\":true,\"message\":\"Este campo es obligatorio\",\"global\":true,\"global_message\":\"\\u8fd9\\u662f\\u5fc5\\u586b\\u680f\"}},\"email\":{\"required\":{\"value\":true,\"message\":\"Email field is required\",\"global\":false,\"global_message\":\"\\u8fd9\\u662f\\u5fc5\\u586b\\u680f\"},\"email\":{\"value\":true,\"message\":\"Este campo debe contener un correo electr\\u00f3nico v\\u00e1lido\",\"global\":true,\"global_message\":\"\\u6b64\\u5b57\\u6bb5\\u5fc5\\u987b\\u5305\\u542b\\u6709\\u6548\\u7684\\u7535\\u5b50\\u90ae\\u7bb1\\u5730\\u5740\"}},\"description\":{\"required\":{\"value\":true,\"message\":\"Este campo es obligatorio\",\"global\":true,\"global_message\":\"\\u8fd9\\u662f\\u5fc5\\u586b\\u680f\"}}},\"debounce_time\":300};\n                    <\/script>\n        \n<p>&nbsp;<\/p>\n<p>&nbsp;<\/p>\n<p>&nbsp;<\/p>\n<h5><\/h5>","protected":false},"excerpt":{"rendered":"<p>Las bolas cer\u00e1micas de \u00f3xido de circonio (ZrO\u2082) combinan una extrema tenacidad a la fractura (6-10 MPa-m\u00b9\/\u00b2) y una dureza ultra alta (1.200-1.400 HV) para una durabilidad inigualable en entornos de alta tensi\u00f3n, corrosivos o abrasivos. Ysballs ofrece bolas de \u00f3xido de circonio estabilizadas con itria y bolas de \u00f3xido de circonio para cojinetes de ZrO\u2082 de alta resistencia.<\/p>","protected":false},"featured_media":2116,"comment_status":"closed","ping_status":"closed","template":"","meta":{"_uag_custom_page_level_css":"","site-sidebar-layout":"default","site-content-layout":"default","ast-site-content-layout":"default","site-content-style":"default","site-sidebar-style":"default","ast-global-header-display":"","ast-banner-title-visibility":"","ast-main-header-display":"","ast-hfb-above-header-display":"","ast-hfb-below-header-display":"","ast-hfb-mobile-header-display":"","site-post-title":"","ast-breadcrumbs-content":"","ast-featured-img":"","footer-sml-layout":"","theme-transparent-header-meta":"default","adv-header-id-meta":"","stick-header-meta":"","header-above-stick-meta":"","header-main-stick-meta":"","header-below-stick-meta":"","astra-migrate-meta-layouts":"set","ast-page-background-enabled":"default","ast-page-background-meta":{"desktop":{"background-color":"var(--ast-global-color-4)","background-image":"","background-repeat":"repeat","background-position":"center center","background-size":"auto","background-attachment":"scroll","background-type":"","background-media":"","overlay-type":"","overlay-color":"","overlay-opacity":"","overlay-gradient":""},"tablet":{"background-color":"","background-image":"","background-repeat":"repeat","background-position":"center center","background-size":"auto","background-attachment":"scroll","background-type":"","background-media":"","overlay-type":"","overlay-color":"","overlay-opacity":"","overlay-gradient":""},"mobile":{"background-color":"","background-image":"","background-repeat":"repeat","background-position":"center center","background-size":"auto","background-attachment":"scroll","background-type":"","background-media":"","overlay-type":"","overlay-color":"","overlay-opacity":"","overlay-gradient":""}},"ast-content-background-meta":{"desktop":{"background-color":"var(--ast-global-color-5)","background-image":"","background-repeat":"repeat","background-position":"center center","background-size":"auto","background-attachment":"scroll","background-type":"","background-media":"","overlay-type":"","overlay-color":"","overlay-opacity":"","overlay-gradient":""},"tablet":{"background-color":"var(--ast-global-color-5)","background-image":"","background-repeat":"repeat","background-position":"center center","background-size":"auto","background-attachment":"scroll","background-type":"","background-media":"","overlay-type":"","overlay-color":"","overlay-opacity":"","overlay-gradient":""},"mobile":{"background-color":"var(--ast-global-color-5)","background-image":"","background-repeat":"repeat","background-position":"center center","background-size":"auto","background-attachment":"scroll","background-type":"","background-media":"","overlay-type":"","overlay-color":"","overlay-opacity":"","overlay-gradient":""}}},"product_brand":[],"product_cat":[34],"product_tag":[40],"class_list":{"0":"post-1137","1":"product","2":"type-product","3":"status-publish","4":"has-post-thumbnail","6":"product_cat-ceramic-balls","7":"product_tag-zirconia-ceramic-ball","8":"desktop-align-left","9":"tablet-align-left","10":"mobile-align-left","12":"first","13":"instock","14":"shipping-taxable","15":"product-type-simple"},"uagb_featured_image_src":{"full":["https:\/\/ysballs.com\/wp-content\/uploads\/2025\/03\/Zirconia-balls.jpg",1000,1000,false],"thumbnail":["https:\/\/ysballs.com\/wp-content\/uploads\/2025\/03\/Zirconia-balls-150x150.jpg",150,150,true],"medium":["https:\/\/ysballs.com\/wp-content\/uploads\/2025\/03\/Zirconia-balls-300x300.jpg",300,300,true],"medium_large":["https:\/\/ysballs.com\/wp-content\/uploads\/2025\/03\/Zirconia-balls-768x768.jpg",768,768,true],"large":["https:\/\/ysballs.com\/wp-content\/uploads\/2025\/03\/Zirconia-balls.jpg",1000,1000,false],"1536x1536":["https:\/\/ysballs.com\/wp-content\/uploads\/2025\/03\/Zirconia-balls.jpg",1000,1000,false],"2048x2048":["https:\/\/ysballs.com\/wp-content\/uploads\/2025\/03\/Zirconia-balls.jpg",1000,1000,false],"trp-custom-language-flag":["https:\/\/ysballs.com\/wp-content\/uploads\/2025\/03\/Zirconia-balls.jpg",12,12,false],"woocommerce_thumbnail":["https:\/\/ysballs.com\/wp-content\/uploads\/2025\/03\/Zirconia-balls-300x300.jpg",300,300,true],"woocommerce_single":["https:\/\/ysballs.com\/wp-content\/uploads\/2025\/03\/Zirconia-balls-600x600.jpg",600,600,true],"woocommerce_gallery_thumbnail":["https:\/\/ysballs.com\/wp-content\/uploads\/2025\/03\/Zirconia-balls-100x100.jpg",100,100,true]},"uagb_author_info":{"display_name":"YUNSHUO BALLS","author_link":"https:\/\/ysballs.com\/es\/author\/"},"uagb_comment_info":0,"uagb_excerpt":"Zirconia (ZrO\u2082) Ceramic Balls combine extreme fracture toughness (6-10 MPa\u00b7m\u00b9\/\u00b2) and ultra-high hardness (1,200-1,400 HV) for unmatched durability in high-stress, corrosive, or abrasive environments. Ysballs provide Yttria-stabilized zirconia balls and Zirconia balls for\u00a0high-strength ZrO\u2082 bearings.","_links":{"self":[{"href":"https:\/\/ysballs.com\/es\/wp-json\/wp\/v2\/product\/1137","targetHints":{"allow":["GET"]}}],"collection":[{"href":"https:\/\/ysballs.com\/es\/wp-json\/wp\/v2\/product"}],"about":[{"href":"https:\/\/ysballs.com\/es\/wp-json\/wp\/v2\/types\/product"}],"replies":[{"embeddable":true,"href":"https:\/\/ysballs.com\/es\/wp-json\/wp\/v2\/comments?post=1137"}],"wp:featuredmedia":[{"embeddable":true,"href":"https:\/\/ysballs.com\/es\/wp-json\/wp\/v2\/media\/2116"}],"wp:attachment":[{"href":"https:\/\/ysballs.com\/es\/wp-json\/wp\/v2\/media?parent=1137"}],"wp:term":[{"taxonomy":"product_brand","embeddable":true,"href":"https:\/\/ysballs.com\/es\/wp-json\/wp\/v2\/product_brand?post=1137"},{"taxonomy":"product_cat","embeddable":true,"href":"https:\/\/ysballs.com\/es\/wp-json\/wp\/v2\/product_cat?post=1137"},{"taxonomy":"product_tag","embeddable":true,"href":"https:\/\/ysballs.com\/es\/wp-json\/wp\/v2\/product_tag?post=1137"}],"curies":[{"name":"wp","href":"https:\/\/api.w.org\/{rel}","templated":true}]}}