{"id":698,"date":"2025-03-06T06:29:25","date_gmt":"2025-03-06T06:29:25","guid":{"rendered":"https:\/\/ysballs.com\/product\/postcard-v6\/"},"modified":"2025-07-02T11:53:35","modified_gmt":"2025-07-02T11:53:35","slug":"bolas-ceramicas-de-nitruro-de-silicio","status":"publish","type":"product","link":"https:\/\/ysballs.com\/es\/producto\/bolas-de-ceramica\/bolas-ceramicas-de-nitruro-de-silicio\/","title":{"rendered":"Bolas cer\u00e1micas de nitruro de silicio"},"content":{"rendered":"<p><strong>Bolas cer\u00e1micas de nitruro de silicio<\/strong><\/p>\n<p>Material: Si3N4<\/p>\n<p>Di\u00e1metro de la bola: 0,4 mm-140 mm<\/p>\n<p>Norma de bolas: ISO3290, ASTM F2094<\/p>\n<p>Grado de precisi\u00f3n: G5-G200<\/p>\n<p>Mayor vida \u00fatil: de 5 a 10 veces m\u00e1s que las bolas de acero en aplicaciones de altas revoluciones.<\/p>\n<h6>Aplicaciones<\/h6>\n<table>\n<thead>\n<tr>\n<th>Industria<\/th>\n<th>Casos pr\u00e1cticos<\/th>\n<\/tr>\n<\/thead>\n<tbody>\n<tr>\n<td>Automoci\u00f3n<\/td>\n<td>Cojinetes de veh\u00edculos h\u00edbridos\/el\u00e9ctricos, componentes de turbocompresores.<\/td>\n<\/tr>\n<tr>\n<td>Aeroespacial<\/td>\n<td>Sistemas de guiado, sensores de motores a reacci\u00f3n.<\/td>\n<\/tr>\n<tr>\n<td>M\u00e9dico<\/td>\n<td>Pr\u00f3tesis articulares ortop\u00e9dicas, herramientas quir\u00fargicas.<\/td>\n<\/tr>\n<tr>\n<td>Industrial<\/td>\n<td>Rodamientos de husillo CNC de alta velocidad, juntas de bomba.<\/td>\n<\/tr>\n<tr>\n<td>Energ\u00eda<\/td>\n<td>Sistemas de control de paso de aerogeneradores, componentes de pilas de combustible.<\/td>\n<\/tr>\n<\/tbody>\n<\/table>\n<p>&nbsp;<\/p>\n<h6>Composici\u00f3n qu\u00edmica y resistencia<\/h6>\n<p>&nbsp;<\/p>\n<ul>\n<li><strong>Componentes principales<\/strong>: Si\u2083N\u2084 (\u226595%), auxiliares de sinterizaci\u00f3n (Al\u2082O\u2083, Y\u2082O\u2083).<\/li>\n<li><strong>Resistencia a la corrosi\u00f3n<\/strong>:\n<ul>\n<li><strong>\u00c1cidos\/\u00c1lcalis<\/strong>: Resiste al HCl (\u226420%), H\u2082SO\u2084 (\u226450%), NaOH (\u226430%) a 80\u00b0C.<\/li>\n<li><strong>Oxidaci\u00f3n<\/strong>: Estable en el aire hasta 1.200\u00b0C con m\u00ednima oxidaci\u00f3n superficial.<\/li>\n<li><strong>Hidr\u00f3lisis<\/strong>: La baja absorci\u00f3n de humedad (&lt;0,1%) garantiza la estabilidad a largo plazo.<\/li>\n<\/ul>\n<\/li>\n<\/ul>\n<p>&nbsp;<\/p>\n<h6>Propiedades mec\u00e1nicas<\/h6>\n<table>\n<thead>\n<tr>\n<th>Propiedad<\/th>\n<th>Valor\/Descripci\u00f3n<\/th>\n<\/tr>\n<\/thead>\n<tbody>\n<tr>\n<td>Dureza<\/td>\n<td>1.600-1.800 HV (Vickers)<\/td>\n<\/tr>\n<tr>\n<td>Resistencia a la flexi\u00f3n<\/td>\n<td>600-1.000 MPa<\/td>\n<\/tr>\n<tr>\n<td>Resistencia a la compresi\u00f3n<\/td>\n<td>2.500-4.000 MPa<\/td>\n<\/tr>\n<tr>\n<td>Resistencia a la fractura<\/td>\n<td>6-7 MPa-m\u00b9\/\u00b2<\/td>\n<\/tr>\n<tr>\n<td>Conductividad t\u00e9rmica<\/td>\n<td>20-30 W\/m-K<\/td>\n<\/tr>\n<tr>\n<td>Expansi\u00f3n t\u00e9rmica<\/td>\n<td>3,2 \u00d710-\u2076\/\u00b0C (20-1.000\u00b0C)<\/td>\n<\/tr>\n<\/tbody>\n<\/table>\n<hr \/>\n<p>&nbsp;<\/p>\n<h5>Si tiene alguna necesidad, p\u00f3ngase en contacto con nosotros.<\/h5>\n<div class='fluentform ff-default fluentform_wrapper_7 ffs_default_wrap'><form data-form_id=\"7\" id=\"fluentform_7\" class=\"frm-fluent-form fluent_form_7 ff-el-form-top ff_form_instance_7_1 ff-form-loading ffs_default\" data-form_instance=\"ff_form_instance_7_1\" method=\"POST\" action=\"\" ><fieldset  style=\"border: none!important;margin: 0!important;padding: 0!important;background-color: transparent!important;box-shadow: none!important;outline: none!important; min-inline-size: 100%;\">\n                    <legend class=\"ff_screen_reader_title\" style=\"display: block; margin: 0!important;padding: 0!important;height: 0!important;text-indent: -999999px;width: 0!important;overflow:hidden;\">forma del producto<\/legend><input type='hidden' name='__fluent_form_embded_post_id' value='698' \/><input type=\"hidden\" id=\"_fluentform_7_fluentformnonce\" name=\"_fluentform_7_fluentformnonce\" value=\"2ba762f847\" \/><input type=\"hidden\" name=\"_wp_http_referer\" value=\"\/es\/wp-json\/wp\/v2\/product\/698\" \/><input type=\"hidden\" name=\"hidden\" value=\"document.querySelector('h1.product_title').textContent\" data-name=\"hidden\" ><input type=\"hidden\" name=\"hidden_1\" value=\"window.location.href\" data-name=\"hidden_1\" ><div data-type=\"name-element\" data-name=\"names\" class=\"ff-field_container ff-name-field-wrapper\" ><div class='ff-t-container'><div class='ff-t-cell'><div class='ff-el-group'><div class=\"ff-el-input--label ff-el-is-required asterisk-right\"><label for='ff_7_names_first_name_' >Nombre<\/label><\/div><div class='ff-el-input--content'><input type=\"text\" name=\"names[first_name]\" id=\"ff_7_names_first_name_\" class=\"ff-el-form-control\" aria-invalid=\"false\" aria-required=\"true\"><\/div><\/div><\/div><div class='ff-t-cell'><div class='ff-el-group'><div class=\"ff-el-input--label ff-el-is-required asterisk-right\"><label for='ff_7_names_last_name_' >Apellido<\/label><\/div><div class='ff-el-input--content'><input type=\"text\" name=\"names[last_name]\" id=\"ff_7_names_last_name_\" class=\"ff-el-form-control\" aria-invalid=\"false\" aria-required=\"true\"><\/div><\/div><\/div><\/div><\/div><div class='ff-el-group'><div class=\"ff-el-input--label ff-el-is-required asterisk-right\"><label for='ff_7_email' aria-label=\"Correo electr\u00f3nico\">Correo electr\u00f3nico<\/label><\/div><div class='ff-el-input--content'><input type=\"email\" name=\"email\" id=\"ff_7_email\" class=\"ff-el-form-control\" placeholder=\"you@domain.com\" data-name=\"email\"  aria-invalid=\"false\" aria-required=\"true\"><\/div><\/div><div class='ff-el-group'><div class=\"ff-el-input--label ff-el-is-required asterisk-right\"><label for='ff_7_description' aria-label=\"Descripci\u00f3n\">Descripci\u00f3n<\/label><\/div><div class='ff-el-input--content'><textarea aria-invalid=\"false\" aria-required=\"true\" name=\"description\" id=\"ff_7_description\" class=\"ff-el-form-control\" rows=\"4\" cols=\"2\" data-name=\"description\" ><\/textarea><\/div><\/div><div class='ff-el-group ff-text-left ff_submit_btn_wrapper'><button type=\"submit\" class=\"ff-btn ff-btn-submit ff-btn-md ff_btn_style wpf_has_custom_css\" >Enviar consulta<\/button><\/div><\/fieldset><input type=\"hidden\" name=\"trp-form-language\" value=\"es\"\/><\/form><div id='fluentform_7_errors' class='ff-errors-in-stack ff_form_instance_7_1 ff-form-loading_errors ff_form_instance_7_1_errors'><\/div><\/div>        <script type=\"text\/javascript\">\n            window.fluent_form_ff_form_instance_7_1 = {\"id\":\"7\",\"settings\":{\"layout\":{\"labelPlacement\":\"top\",\"asteriskPlacement\":\"asterisk-right\",\"helpMessagePlacement\":\"with_label\",\"errorMessagePlacement\":\"inline\",\"cssClassName\":\"\"},\"restrictions\":{\"denyEmptySubmission\":{\"enabled\":false}}},\"form_instance\":\"ff_form_instance_7_1\",\"form_id_selector\":\"fluentform_7\",\"rules\":{\"names[first_name]\":{\"required\":{\"value\":true,\"message\":\"Este campo es obligatorio\",\"global\":true,\"global_message\":\"\\u8fd9\\u662f\\u5fc5\\u586b\\u680f\"}},\"names[middle_name]\":{\"required\":{\"value\":false,\"message\":\"Este campo es obligatorio\",\"global\":true,\"global_message\":\"\\u8fd9\\u662f\\u5fc5\\u586b\\u680f\"}},\"names[last_name]\":{\"required\":{\"value\":true,\"message\":\"Este campo es obligatorio\",\"global\":true,\"global_message\":\"\\u8fd9\\u662f\\u5fc5\\u586b\\u680f\"}},\"email\":{\"required\":{\"value\":true,\"message\":\"Email field is required\",\"global\":false,\"global_message\":\"\\u8fd9\\u662f\\u5fc5\\u586b\\u680f\"},\"email\":{\"value\":true,\"message\":\"Este campo debe contener un correo electr\\u00f3nico v\\u00e1lido\",\"global\":true,\"global_message\":\"\\u6b64\\u5b57\\u6bb5\\u5fc5\\u987b\\u5305\\u542b\\u6709\\u6548\\u7684\\u7535\\u5b50\\u90ae\\u7bb1\\u5730\\u5740\"}},\"description\":{\"required\":{\"value\":true,\"message\":\"Este campo es obligatorio\",\"global\":true,\"global_message\":\"\\u8fd9\\u662f\\u5fc5\\u586b\\u680f\"}}},\"debounce_time\":300};\n                    <\/script>","protected":false},"excerpt":{"rendered":"<p>Las bolas cer\u00e1micas Si3N4 se utilizan principalmente en cojinetes de nitruro de silicio de alta velocidad, bolas cer\u00e1micas de uso m\u00e9dico y componentes Si3N4 resistentes a los choques t\u00e9rmicos.<\/p>\n<p>&nbsp;<\/p>\n<h6>Productos destacados<\/h6>\n<p>&nbsp;<\/p>\n<ul>\n<li>Dureza superior: Excepcional resistencia a la fractura (6-7 MPa-m\u00b9\/\u00b2), superando a la al\u00famina y la circonia, ideal para aplicaciones de alto impacto.<\/li>\n<li>Ligero y duradero: Densidad de 3,2-3,3 g\/cm\u00b3 con extrema resistencia al desgaste, reduciendo la p\u00e9rdida de energ\u00eda en sistemas de alta velocidad.<\/li>\n<li>Resistencia al choque t\u00e9rmico: Soporta r\u00e1pidas oscilaciones de temperatura de -200\u00b0C a 1.200\u00b0C sin agrietarse.<\/li>\n<li>Aislamiento el\u00e9ctrico: Las propiedades no conductoras evitan la corrosi\u00f3n galv\u00e1nica en sistemas el\u00e9ctricos\/electr\u00f3nicos.<\/li>\n<li>Biocompatibilidad: Certificaci\u00f3n ISO 10993 para implantes m\u00e9dicos y aplicaciones alimentarias.<\/li>\n<\/ul>","protected":false},"featured_media":2017,"comment_status":"closed","ping_status":"closed","template":"","meta":{"_uag_custom_page_level_css":"","site-sidebar-layout":"default","site-content-layout":"default","ast-site-content-layout":"default","site-content-style":"default","site-sidebar-style":"default","ast-global-header-display":"","ast-banner-title-visibility":"","ast-main-header-display":"","ast-hfb-above-header-display":"","ast-hfb-below-header-display":"","ast-hfb-mobile-header-display":"","site-post-title":"","ast-breadcrumbs-content":"","ast-featured-img":"","footer-sml-layout":"","theme-transparent-header-meta":"default","adv-header-id-meta":"","stick-header-meta":"","header-above-stick-meta":"","header-main-stick-meta":"","header-below-stick-meta":"","astra-migrate-meta-layouts":"set","ast-page-background-enabled":"default","ast-page-background-meta":{"desktop":{"background-color":"var(--ast-global-color-4)","background-image":"","background-repeat":"repeat","background-position":"center center","background-size":"auto","background-attachment":"scroll","background-type":"","background-media":"","overlay-type":"","overlay-color":"","overlay-opacity":"","overlay-gradient":""},"tablet":{"background-color":"","background-image":"","background-repeat":"repeat","background-position":"center center","background-size":"auto","background-attachment":"scroll","background-type":"","background-media":"","overlay-type":"","overlay-color":"","overlay-opacity":"","overlay-gradient":""},"mobile":{"background-color":"","background-image":"","background-repeat":"repeat","background-position":"center center","background-size":"auto","background-attachment":"scroll","background-type":"","background-media":"","overlay-type":"","overlay-color":"","overlay-opacity":"","overlay-gradient":""}},"ast-content-background-meta":{"desktop":{"background-color":"var(--ast-global-color-5)","background-image":"","background-repeat":"repeat","background-position":"center center","background-size":"auto","background-attachment":"scroll","background-type":"","background-media":"","overlay-type":"","overlay-color":"","overlay-opacity":"","overlay-gradient":""},"tablet":{"background-color":"var(--ast-global-color-5)","background-image":"","background-repeat":"repeat","background-position":"center center","background-size":"auto","background-attachment":"scroll","background-type":"","background-media":"","overlay-type":"","overlay-color":"","overlay-opacity":"","overlay-gradient":""},"mobile":{"background-color":"var(--ast-global-color-5)","background-image":"","background-repeat":"repeat","background-position":"center center","background-size":"auto","background-attachment":"scroll","background-type":"","background-media":"","overlay-type":"","overlay-color":"","overlay-opacity":"","overlay-gradient":""}}},"product_brand":[],"product_cat":[34],"product_tag":[35],"class_list":{"0":"post-698","1":"product","2":"type-product","3":"status-publish","4":"has-post-thumbnail","6":"product_cat-ceramic-balls","7":"product_tag-silicon-nitride-ceramic-balls","8":"desktop-align-left","9":"tablet-align-left","10":"mobile-align-left","12":"first","13":"instock","14":"shipping-taxable","15":"product-type-simple"},"uagb_featured_image_src":{"full":["https:\/\/ysballs.com\/wp-content\/uploads\/2025\/03\/silicon-nitride-ceramic-balls-3.jpg",1000,1000,false],"thumbnail":["https:\/\/ysballs.com\/wp-content\/uploads\/2025\/03\/silicon-nitride-ceramic-balls-3-150x150.jpg",150,150,true],"medium":["https:\/\/ysballs.com\/wp-content\/uploads\/2025\/03\/silicon-nitride-ceramic-balls-3-300x300.jpg",300,300,true],"medium_large":["https:\/\/ysballs.com\/wp-content\/uploads\/2025\/03\/silicon-nitride-ceramic-balls-3-768x768.jpg",768,768,true],"large":["https:\/\/ysballs.com\/wp-content\/uploads\/2025\/03\/silicon-nitride-ceramic-balls-3.jpg",1000,1000,false],"1536x1536":["https:\/\/ysballs.com\/wp-content\/uploads\/2025\/03\/silicon-nitride-ceramic-balls-3.jpg",1000,1000,false],"2048x2048":["https:\/\/ysballs.com\/wp-content\/uploads\/2025\/03\/silicon-nitride-ceramic-balls-3.jpg",1000,1000,false],"trp-custom-language-flag":["https:\/\/ysballs.com\/wp-content\/uploads\/2025\/03\/silicon-nitride-ceramic-balls-3.jpg",12,12,false],"woocommerce_thumbnail":["https:\/\/ysballs.com\/wp-content\/uploads\/2025\/03\/silicon-nitride-ceramic-balls-3-300x300.jpg",300,300,true],"woocommerce_single":["https:\/\/ysballs.com\/wp-content\/uploads\/2025\/03\/silicon-nitride-ceramic-balls-3-600x600.jpg",600,600,true],"woocommerce_gallery_thumbnail":["https:\/\/ysballs.com\/wp-content\/uploads\/2025\/03\/silicon-nitride-ceramic-balls-3-100x100.jpg",100,100,true]},"uagb_author_info":{"display_name":"YUNSHUO BALLS","author_link":"https:\/\/ysballs.com\/es\/author\/"},"uagb_comment_info":0,"uagb_excerpt":"Si3N4 ceramic balls mainly used in high-speed silicon nitride bearings, medical-grade ceramic balls, thermal shock-resistant Si3N4 components. &nbsp; Product Highlights &nbsp; Superior Toughness: Exceptional fracture toughness (6-7 MPa\u00b7m\u00b9\/\u00b2), outperforming alumina and zirconia, ideal for high-impact applications. Lightweight &amp; Durable: Density of\u00a03.2-3.3 g\/cm\u00b3\u00a0with extreme wear resistance, reducing energy loss in high-speed systems. Thermal Shock Resistance: Withstands&hellip;","_links":{"self":[{"href":"https:\/\/ysballs.com\/es\/wp-json\/wp\/v2\/product\/698","targetHints":{"allow":["GET"]}}],"collection":[{"href":"https:\/\/ysballs.com\/es\/wp-json\/wp\/v2\/product"}],"about":[{"href":"https:\/\/ysballs.com\/es\/wp-json\/wp\/v2\/types\/product"}],"replies":[{"embeddable":true,"href":"https:\/\/ysballs.com\/es\/wp-json\/wp\/v2\/comments?post=698"}],"wp:featuredmedia":[{"embeddable":true,"href":"https:\/\/ysballs.com\/es\/wp-json\/wp\/v2\/media\/2017"}],"wp:attachment":[{"href":"https:\/\/ysballs.com\/es\/wp-json\/wp\/v2\/media?parent=698"}],"wp:term":[{"taxonomy":"product_brand","embeddable":true,"href":"https:\/\/ysballs.com\/es\/wp-json\/wp\/v2\/product_brand?post=698"},{"taxonomy":"product_cat","embeddable":true,"href":"https:\/\/ysballs.com\/es\/wp-json\/wp\/v2\/product_cat?post=698"},{"taxonomy":"product_tag","embeddable":true,"href":"https:\/\/ysballs.com\/es\/wp-json\/wp\/v2\/product_tag?post=698"}],"curies":[{"name":"wp","href":"https:\/\/api.w.org\/{rel}","templated":true}]}}