{"id":1129,"date":"2025-03-06T06:29:25","date_gmt":"2025-03-06T06:29:25","guid":{"rendered":"https:\/\/ysballs.com\/product\/postcard-v4\/"},"modified":"2025-07-02T11:39:46","modified_gmt":"2025-07-02T11:39:46","slug":"aisi302-304-304l-316-316l-bille-en-acier-inoxydable","status":"publish","type":"product","link":"https:\/\/ysballs.com\/fr\/produit\/billes-inox\/aisi302-304-304l-316-316l-bille-en-acier-inoxydable\/","title":{"rendered":"Boule en acier inoxydable AISI302\/304\/304L\/316\/316L"},"content":{"rendered":"<h3>Billes en acier inoxydable<\/h3>\n<p>Mat\u00e9riau : AISI302\/304\/304L\/316\/316L<\/p>\n<p>Diam\u00e8tre : 2mm-25.4mm<\/p>\n<p>Classe de pr\u00e9cision : G20, G40, G100, G200, G500, G1000<\/p>\n<p>Duret\u00e9 : HRC 20-39<\/p>\n<p>Application : Roulements sp\u00e9ciaux, pompes, pulv\u00e9risateurs horticoles et domestiques, pompes miniatures de parfum, pulv\u00e9risateurs, valves pour applications m\u00e9dicales, etc.<\/p>\n<p>&nbsp;<\/p>\n<h5>Billes en acier inoxydable aust\u00e9nitique - Composition chimique (wt%)<\/h5>\n<table style=\"border-collapse: collapse; width: 622.23pt;\" border=\"0\" width=\"1037\" cellspacing=\"0\" cellpadding=\"0\">\n<tbody>\n<tr style=\"height: 14.40pt;\">\n<td class=\"et2\" style=\"height: 14.40pt; width: 63.00pt;\" width=\"105\" height=\"24\">Standard<\/td>\n<td class=\"et2\" style=\"width: 64.20pt;\" width=\"107\">C%<\/td>\n<td class=\"et2\" style=\"width: 68.40pt;\" width=\"114\">Cr%<\/td>\n<td class=\"et2\" style=\"width: 55.20pt;\" width=\"92\">Mn%<\/td>\n<td class=\"et2\" style=\"width: 67.20pt;\" width=\"112\">Ni%<\/td>\n<td class=\"et2\" style=\"width: 66.00pt;\" width=\"110\">P%<\/td>\n<td class=\"et2\" style=\"width: 58.20pt;\" width=\"97\">S%<\/td>\n<td class=\"et2\" style=\"width: 62.40pt;\" width=\"104\">Si%<\/td>\n<td class=\"et2\" style=\"width: 55.20pt;\" width=\"92\">Cu%<\/td>\n<td class=\"et2\" style=\"width: 62.40pt;\" width=\"104\">Mo%<\/td>\n<\/tr>\n<tr style=\"height: 14.40pt;\">\n<td class=\"et2\" style=\"height: 14.40pt;\" height=\"24\">AISI 302<\/td>\n<td class=\"et2\">\u22640.15%<\/td>\n<td class=\"et2\">17.00-19.00<\/td>\n<td class=\"et2\">\u22642.00%<\/td>\n<td class=\"et2\">8.00-10.00<\/td>\n<td class=\"et2\">\u22640.045%<\/td>\n<td class=\"et2\">\u22640.030%<\/td>\n<td class=\"et2\">\u22641.00%<\/td>\n<td class=\"et2\">&#8211;<\/td>\n<td class=\"et2\">&#8211;<\/td>\n<\/tr>\n<tr style=\"height: 14.40pt;\">\n<td class=\"et2\" style=\"height: 14.40pt;\" height=\"24\">AISI 304<\/td>\n<td class=\"et2\">\u22640.08%<\/td>\n<td class=\"et2\">18.00-20.00<\/td>\n<td class=\"et2\">\u22642.00%<\/td>\n<td class=\"et2\">8.00-10.50<\/td>\n<td class=\"et2\">\u22640.045%<\/td>\n<td class=\"et2\">\u22640.030%<\/td>\n<td class=\"et2\">\u22641.00%<\/td>\n<td class=\"et2\">&#8211;<\/td>\n<td class=\"et2\">&#8211;<\/td>\n<\/tr>\n<tr style=\"height: 14.40pt;\">\n<td class=\"et2\" style=\"height: 14.40pt;\" height=\"24\">AISI 304L<\/td>\n<td class=\"et2\">\u22640.03%<\/td>\n<td class=\"et2\">18.00-20.00<\/td>\n<td class=\"et2\">\u22642.00%<\/td>\n<td class=\"et2\">8.00-12.00<\/td>\n<td class=\"et2\">\u22640.045%<\/td>\n<td class=\"et2\">\u22640.030%<\/td>\n<td class=\"et2\">\u22641.00%<\/td>\n<td class=\"et2\">&#8211;<\/td>\n<td class=\"et2\">&#8211;<\/td>\n<\/tr>\n<tr style=\"height: 14.40pt;\">\n<td class=\"et2\" style=\"height: 14.40pt;\" height=\"24\">AISI 316<\/td>\n<td class=\"et2\">\u22640.08%<\/td>\n<td class=\"et2\">16.00-18.00<\/td>\n<td class=\"et2\">\u22642.00%<\/td>\n<td class=\"et2\">10.00-14.00<\/td>\n<td class=\"et2\">\u22640.045%<\/td>\n<td class=\"et2\">\u22640.030%<\/td>\n<td class=\"et2\">\u22641.00%<\/td>\n<td class=\"et2\">&#8211;<\/td>\n<td class=\"et2\">2.00-3.00%<\/td>\n<\/tr>\n<tr style=\"height: 14.40pt;\">\n<td class=\"et2\" style=\"height: 14.40pt;\" height=\"24\">AISI 316L<\/td>\n<td class=\"et2\">\u22640.03%<\/td>\n<td class=\"et2\">16.00-18.00<\/td>\n<td class=\"et2\">\u22642.00%<\/td>\n<td class=\"et2\">10.00-14.00<\/td>\n<td class=\"et2\">\u22640.045%<\/td>\n<td class=\"et2\">\u22640.030%<\/td>\n<td class=\"et2\">\u22641.00%<\/td>\n<td class=\"et2\">&#8211;<\/td>\n<td class=\"et2\">2.00-3.00%<\/td>\n<\/tr>\n<\/tbody>\n<\/table>\n<p>&nbsp;<\/p>\n<h5>Si vous avez des besoins particuliers, n'h\u00e9sitez pas \u00e0 nous contacter.<\/h5>\n<div class='fluentform ff-default fluentform_wrapper_7 ffs_default_wrap'><form data-form_id=\"7\" id=\"fluentform_7\" class=\"frm-fluent-form fluent_form_7 ff-el-form-top ff_form_instance_7_1 ff-form-loading ffs_default\" data-form_instance=\"ff_form_instance_7_1\" method=\"POST\" action=\"\" ><fieldset  style=\"border: none!important;margin: 0!important;padding: 0!important;background-color: transparent!important;box-shadow: none!important;outline: none!important; min-inline-size: 100%;\">\n                    <legend class=\"ff_screen_reader_title\" style=\"display: block; margin: 0!important;padding: 0!important;height: 0!important;text-indent: -999999px;width: 0!important;overflow:hidden;\">Forme du produit<\/legend><input type='hidden' name='__fluent_form_embded_post_id' value='1129' \/><input type=\"hidden\" id=\"_fluentform_7_fluentformnonce\" name=\"_fluentform_7_fluentformnonce\" value=\"f359dbe021\" \/><input type=\"hidden\" name=\"_wp_http_referer\" value=\"\/fr\/wp-json\/wp\/v2\/product\/1129\" \/><input type=\"hidden\" name=\"hidden\" value=\"document.querySelector('h1.product_title').textContent\" data-name=\"hidden\" ><input type=\"hidden\" name=\"hidden_1\" value=\"window.location.href\" data-name=\"hidden_1\" ><div data-type=\"name-element\" data-name=\"names\" class=\"ff-field_container ff-name-field-wrapper\" ><div class='ff-t-container'><div class='ff-t-cell'><div class='ff-el-group'><div class=\"ff-el-input--label ff-el-is-required asterisk-right\"><label for='ff_7_names_first_name_' >Pr\u00e9nom<\/label><\/div><div class='ff-el-input--content'><input type=\"text\" name=\"names[first_name]\" id=\"ff_7_names_first_name_\" class=\"ff-el-form-control\" aria-invalid=\"false\" aria-required=\"true\"><\/div><\/div><\/div><div class='ff-t-cell'><div class='ff-el-group'><div class=\"ff-el-input--label ff-el-is-required asterisk-right\"><label for='ff_7_names_last_name_' >Nom de famille<\/label><\/div><div class='ff-el-input--content'><input type=\"text\" name=\"names[last_name]\" id=\"ff_7_names_last_name_\" class=\"ff-el-form-control\" aria-invalid=\"false\" aria-required=\"true\"><\/div><\/div><\/div><\/div><\/div><div class='ff-el-group'><div class=\"ff-el-input--label ff-el-is-required asterisk-right\"><label for='ff_7_email' aria-label=\"Courriel\">Courriel<\/label><\/div><div class='ff-el-input--content'><input type=\"email\" name=\"email\" id=\"ff_7_email\" class=\"ff-el-form-control\" placeholder=\"you@domain.com\" data-name=\"email\"  aria-invalid=\"false\" aria-required=\"true\"><\/div><\/div><div class='ff-el-group'><div class=\"ff-el-input--label ff-el-is-required asterisk-right\"><label for='ff_7_description' aria-label=\"Description\">Description<\/label><\/div><div class='ff-el-input--content'><textarea aria-invalid=\"false\" aria-required=\"true\" name=\"description\" id=\"ff_7_description\" class=\"ff-el-form-control\" rows=\"4\" cols=\"2\" data-name=\"description\" ><\/textarea><\/div><\/div><div class='ff-el-group ff-text-left ff_submit_btn_wrapper'><button type=\"submit\" class=\"ff-btn ff-btn-submit ff-btn-md ff_btn_style wpf_has_custom_css\" >Envoyer une demande de renseignements<\/button><\/div><\/fieldset><input type=\"hidden\" name=\"trp-form-language\" value=\"fr\"\/><\/form><div id='fluentform_7_errors' class='ff-errors-in-stack ff_form_instance_7_1 ff-form-loading_errors ff_form_instance_7_1_errors'><\/div><\/div>        <script type=\"text\/javascript\">\n            window.fluent_form_ff_form_instance_7_1 = {\"id\":\"7\",\"settings\":{\"layout\":{\"labelPlacement\":\"top\",\"asteriskPlacement\":\"asterisk-right\",\"helpMessagePlacement\":\"with_label\",\"errorMessagePlacement\":\"inline\",\"cssClassName\":\"\"},\"restrictions\":{\"denyEmptySubmission\":{\"enabled\":false}}},\"form_instance\":\"ff_form_instance_7_1\",\"form_id_selector\":\"fluentform_7\",\"rules\":{\"names[first_name]\":{\"required\":{\"value\":true,\"message\":\"Ce champ est obligatoire\",\"global\":true,\"global_message\":\"\\u8fd9\\u662f\\u5fc5\\u586b\\u680f\"}},\"names[middle_name]\":{\"required\":{\"value\":false,\"message\":\"Ce champ est obligatoire\",\"global\":true,\"global_message\":\"\\u8fd9\\u662f\\u5fc5\\u586b\\u680f\"}},\"names[last_name]\":{\"required\":{\"value\":true,\"message\":\"Ce champ est obligatoire\",\"global\":true,\"global_message\":\"\\u8fd9\\u662f\\u5fc5\\u586b\\u680f\"}},\"email\":{\"required\":{\"value\":true,\"message\":\"Email field is required\",\"global\":false,\"global_message\":\"\\u8fd9\\u662f\\u5fc5\\u586b\\u680f\"},\"email\":{\"value\":true,\"message\":\"Ce champ doit contenir un e-mail valide\",\"global\":true,\"global_message\":\"\\u6b64\\u5b57\\u6bb5\\u5fc5\\u987b\\u5305\\u542b\\u6709\\u6548\\u7684\\u7535\\u5b50\\u90ae\\u7bb1\\u5730\\u5740\"}},\"description\":{\"required\":{\"value\":true,\"message\":\"Ce champ est obligatoire\",\"global\":true,\"global_message\":\"\\u8fd9\\u662f\\u5fc5\\u586b\\u680f\"}}},\"debounce_time\":300};\n                    <\/script>","protected":false},"excerpt":{"rendered":"<p><strong>Billes en acier inoxydable aust\u00e9nitique<\/strong><br \/>\nR\u00e9put\u00e9es pour leur r\u00e9sistance sup\u00e9rieure \u00e0 la corrosion, ces billes en acier inoxydable aust\u00e9nitique excellent dans les environnements difficiles tels que les \u00e9quipements marins, l'industrie alimentaire et les appareils m\u00e9dicaux, en offrant hygi\u00e8ne, durabilit\u00e9 et soudabilit\u00e9.<\/p>","protected":false},"featured_media":1991,"comment_status":"closed","ping_status":"closed","template":"","meta":{"_uag_custom_page_level_css":"","site-sidebar-layout":"default","site-content-layout":"default","ast-site-content-layout":"default","site-content-style":"default","site-sidebar-style":"default","ast-global-header-display":"","ast-banner-title-visibility":"","ast-main-header-display":"","ast-hfb-above-header-display":"","ast-hfb-below-header-display":"","ast-hfb-mobile-header-display":"","site-post-title":"","ast-breadcrumbs-content":"","ast-featured-img":"","footer-sml-layout":"","theme-transparent-header-meta":"default","adv-header-id-meta":"","stick-header-meta":"","header-above-stick-meta":"","header-main-stick-meta":"","header-below-stick-meta":"","astra-migrate-meta-layouts":"set","ast-page-background-enabled":"default","ast-page-background-meta":{"desktop":{"background-color":"var(--ast-global-color-4)","background-image":"","background-repeat":"repeat","background-position":"center center","background-size":"auto","background-attachment":"scroll","background-type":"","background-media":"","overlay-type":"","overlay-color":"","overlay-opacity":"","overlay-gradient":""},"tablet":{"background-color":"","background-image":"","background-repeat":"repeat","background-position":"center center","background-size":"auto","background-attachment":"scroll","background-type":"","background-media":"","overlay-type":"","overlay-color":"","overlay-opacity":"","overlay-gradient":""},"mobile":{"background-color":"","background-image":"","background-repeat":"repeat","background-position":"center center","background-size":"auto","background-attachment":"scroll","background-type":"","background-media":"","overlay-type":"","overlay-color":"","overlay-opacity":"","overlay-gradient":""}},"ast-content-background-meta":{"desktop":{"background-color":"var(--ast-global-color-5)","background-image":"","background-repeat":"repeat","background-position":"center center","background-size":"auto","background-attachment":"scroll","background-type":"","background-media":"","overlay-type":"","overlay-color":"","overlay-opacity":"","overlay-gradient":""},"tablet":{"background-color":"var(--ast-global-color-5)","background-image":"","background-repeat":"repeat","background-position":"center center","background-size":"auto","background-attachment":"scroll","background-type":"","background-media":"","overlay-type":"","overlay-color":"","overlay-opacity":"","overlay-gradient":""},"mobile":{"background-color":"var(--ast-global-color-5)","background-image":"","background-repeat":"repeat","background-position":"center center","background-size":"auto","background-attachment":"scroll","background-type":"","background-media":"","overlay-type":"","overlay-color":"","overlay-opacity":"","overlay-gradient":""}}},"product_brand":[],"product_cat":[25],"product_tag":[26],"class_list":{"0":"post-1129","1":"product","2":"type-product","3":"status-publish","4":"has-post-thumbnail","6":"product_cat-stainless-steel-ball","7":"product_tag-aisi302-304-304l-316-316l-stainless-steel-ball","8":"desktop-align-left","9":"tablet-align-left","10":"mobile-align-left","12":"first","13":"instock","14":"shipping-taxable","15":"product-type-simple"},"uagb_featured_image_src":{"full":["https:\/\/ysballs.com\/wp-content\/uploads\/2025\/03\/stainless-steel-ball-AISI304.jpg",1500,1000,false],"thumbnail":["https:\/\/ysballs.com\/wp-content\/uploads\/2025\/03\/stainless-steel-ball-AISI304-150x150.jpg",150,150,true],"medium":["https:\/\/ysballs.com\/wp-content\/uploads\/2025\/03\/stainless-steel-ball-AISI304-300x200.jpg",300,200,true],"medium_large":["https:\/\/ysballs.com\/wp-content\/uploads\/2025\/03\/stainless-steel-ball-AISI304-768x512.jpg",768,512,true],"large":["https:\/\/ysballs.com\/wp-content\/uploads\/2025\/03\/stainless-steel-ball-AISI304-1024x683.jpg",1024,683,true],"1536x1536":["https:\/\/ysballs.com\/wp-content\/uploads\/2025\/03\/stainless-steel-ball-AISI304.jpg",1500,1000,false],"2048x2048":["https:\/\/ysballs.com\/wp-content\/uploads\/2025\/03\/stainless-steel-ball-AISI304.jpg",1500,1000,false],"trp-custom-language-flag":["https:\/\/ysballs.com\/wp-content\/uploads\/2025\/03\/stainless-steel-ball-AISI304.jpg",18,12,false],"woocommerce_thumbnail":["https:\/\/ysballs.com\/wp-content\/uploads\/2025\/03\/stainless-steel-ball-AISI304-300x300.jpg",300,300,true],"woocommerce_single":["https:\/\/ysballs.com\/wp-content\/uploads\/2025\/03\/stainless-steel-ball-AISI304-600x400.jpg",600,400,true],"woocommerce_gallery_thumbnail":["https:\/\/ysballs.com\/wp-content\/uploads\/2025\/03\/stainless-steel-ball-AISI304-100x100.jpg",100,100,true]},"uagb_author_info":{"display_name":"YUNSHUO BALLS","author_link":"https:\/\/ysballs.com\/fr\/author\/"},"uagb_comment_info":0,"uagb_excerpt":"Austenitic Stainless Steel\u00a0 Balls Renowned for superior corrosion resistance, these austenitic stainless steel balls excel in harsh environments like marine equipment, food processing, and medical devices, offering hygiene, durability, and weldability.","_links":{"self":[{"href":"https:\/\/ysballs.com\/fr\/wp-json\/wp\/v2\/product\/1129","targetHints":{"allow":["GET"]}}],"collection":[{"href":"https:\/\/ysballs.com\/fr\/wp-json\/wp\/v2\/product"}],"about":[{"href":"https:\/\/ysballs.com\/fr\/wp-json\/wp\/v2\/types\/product"}],"replies":[{"embeddable":true,"href":"https:\/\/ysballs.com\/fr\/wp-json\/wp\/v2\/comments?post=1129"}],"wp:featuredmedia":[{"embeddable":true,"href":"https:\/\/ysballs.com\/fr\/wp-json\/wp\/v2\/media\/1991"}],"wp:attachment":[{"href":"https:\/\/ysballs.com\/fr\/wp-json\/wp\/v2\/media?parent=1129"}],"wp:term":[{"taxonomy":"product_brand","embeddable":true,"href":"https:\/\/ysballs.com\/fr\/wp-json\/wp\/v2\/product_brand?post=1129"},{"taxonomy":"product_cat","embeddable":true,"href":"https:\/\/ysballs.com\/fr\/wp-json\/wp\/v2\/product_cat?post=1129"},{"taxonomy":"product_tag","embeddable":true,"href":"https:\/\/ysballs.com\/fr\/wp-json\/wp\/v2\/product_tag?post=1129"}],"curies":[{"name":"wp","href":"https:\/\/api.w.org\/{rel}","templated":true}]}}