{"id":2212,"date":"2025-04-16T22:42:34","date_gmt":"2025-04-16T22:42:34","guid":{"rendered":"https:\/\/ysballs.com\/?post_type=product&#038;p=2212"},"modified":"2025-07-02T09:46:11","modified_gmt":"2025-07-02T09:46:11","slug":"rouleau-en-ceramique-de-nitrure-de-silicium","status":"publish","type":"product","link":"https:\/\/ysballs.com\/fr\/produit\/rouleaux\/rouleau-en-ceramique-de-nitrure-de-silicium\/","title":{"rendered":"Rouleau en c\u00e9ramique de nitrure de silicium"},"content":{"rendered":"<h6 class=\"e_h1-31 s_subtitle response-transition\">Rouleau en c\u00e9ramique de nitrure de silicium<\/h6>\n<p>&nbsp;<\/p>\n<ul>\n<li>Mat\u00e9riau : Si3N4<\/li>\n<li>Taille : 0,8 mm-110 mm<\/li>\n<li>Haute r\u00e9sistance \u00e0 l'usure<\/li>\n<li>R\u00e9sistance chimique<\/li>\n<li>R\u00e9sistance aux hautes temp\u00e9ratures<\/li>\n<li>Faible friction<\/li>\n<li>Non-magn\u00e9tique<\/li>\n<li>\u00a0Isolation \u00e9lectrique<\/li>\n<li>Faible poids sp\u00e9cifique (environ -40% par rapport \u00e0 l'acier)<\/li>\n<li>Dur\u00e9e de vie plus longue que l'acier<\/li>\n<li>Application : a\u00e9rospatiale, automobile, \u00e9quipements m\u00e9dicaux, machines de pr\u00e9cision et \u00e9quipements rotatifs \u00e0 grande vitesse.<\/li>\n<\/ul>\n<p>&nbsp;<\/p>\n<h5>Si vous avez des besoins particuliers, n'h\u00e9sitez pas \u00e0 nous contacter.<\/h5>\n<div class='fluentform ff-default fluentform_wrapper_7 ffs_default_wrap'><form data-form_id=\"7\" id=\"fluentform_7\" class=\"frm-fluent-form fluent_form_7 ff-el-form-top ff_form_instance_7_1 ff-form-loading ffs_default\" data-form_instance=\"ff_form_instance_7_1\" method=\"POST\" action=\"\" ><fieldset  style=\"border: none!important;margin: 0!important;padding: 0!important;background-color: transparent!important;box-shadow: none!important;outline: none!important; min-inline-size: 100%;\">\n                    <legend class=\"ff_screen_reader_title\" style=\"display: block; margin: 0!important;padding: 0!important;height: 0!important;text-indent: -999999px;width: 0!important;overflow:hidden;\">Forme du produit<\/legend><input type='hidden' name='__fluent_form_embded_post_id' value='2212' \/><input type=\"hidden\" id=\"_fluentform_7_fluentformnonce\" name=\"_fluentform_7_fluentformnonce\" value=\"2ba762f847\" \/><input type=\"hidden\" name=\"_wp_http_referer\" value=\"\/fr\/wp-json\/wp\/v2\/product\/2212\" \/><input type=\"hidden\" name=\"hidden\" value=\"document.querySelector('h1.product_title').textContent\" data-name=\"hidden\" ><input type=\"hidden\" name=\"hidden_1\" value=\"window.location.href\" data-name=\"hidden_1\" ><div data-type=\"name-element\" data-name=\"names\" class=\"ff-field_container ff-name-field-wrapper\" ><div class='ff-t-container'><div class='ff-t-cell'><div class='ff-el-group'><div class=\"ff-el-input--label ff-el-is-required asterisk-right\"><label for='ff_7_names_first_name_' >Pr\u00e9nom<\/label><\/div><div class='ff-el-input--content'><input type=\"text\" name=\"names[first_name]\" id=\"ff_7_names_first_name_\" class=\"ff-el-form-control\" aria-invalid=\"false\" aria-required=\"true\"><\/div><\/div><\/div><div class='ff-t-cell'><div class='ff-el-group'><div class=\"ff-el-input--label ff-el-is-required asterisk-right\"><label for='ff_7_names_last_name_' >Nom de famille<\/label><\/div><div class='ff-el-input--content'><input type=\"text\" name=\"names[last_name]\" id=\"ff_7_names_last_name_\" class=\"ff-el-form-control\" aria-invalid=\"false\" aria-required=\"true\"><\/div><\/div><\/div><\/div><\/div><div class='ff-el-group'><div class=\"ff-el-input--label ff-el-is-required asterisk-right\"><label for='ff_7_email' aria-label=\"Courriel\">Courriel<\/label><\/div><div class='ff-el-input--content'><input type=\"email\" name=\"email\" id=\"ff_7_email\" class=\"ff-el-form-control\" placeholder=\"you@domain.com\" data-name=\"email\"  aria-invalid=\"false\" aria-required=\"true\"><\/div><\/div><div class='ff-el-group'><div class=\"ff-el-input--label ff-el-is-required asterisk-right\"><label for='ff_7_description' aria-label=\"Description\">Description<\/label><\/div><div class='ff-el-input--content'><textarea aria-invalid=\"false\" aria-required=\"true\" name=\"description\" id=\"ff_7_description\" class=\"ff-el-form-control\" rows=\"4\" cols=\"2\" data-name=\"description\" ><\/textarea><\/div><\/div><div class='ff-el-group ff-text-left ff_submit_btn_wrapper'><button type=\"submit\" class=\"ff-btn ff-btn-submit ff-btn-md ff_btn_style wpf_has_custom_css\" >Envoyer une demande de renseignements<\/button><\/div><\/fieldset><input type=\"hidden\" name=\"trp-form-language\" value=\"fr\"\/><\/form><div id='fluentform_7_errors' class='ff-errors-in-stack ff_form_instance_7_1 ff-form-loading_errors ff_form_instance_7_1_errors'><\/div><\/div>        <script type=\"text\/javascript\">\n            window.fluent_form_ff_form_instance_7_1 = {\"id\":\"7\",\"settings\":{\"layout\":{\"labelPlacement\":\"top\",\"asteriskPlacement\":\"asterisk-right\",\"helpMessagePlacement\":\"with_label\",\"errorMessagePlacement\":\"inline\",\"cssClassName\":\"\"},\"restrictions\":{\"denyEmptySubmission\":{\"enabled\":false}}},\"form_instance\":\"ff_form_instance_7_1\",\"form_id_selector\":\"fluentform_7\",\"rules\":{\"names[first_name]\":{\"required\":{\"value\":true,\"message\":\"Ce champ est obligatoire\",\"global\":true,\"global_message\":\"\\u8fd9\\u662f\\u5fc5\\u586b\\u680f\"}},\"names[middle_name]\":{\"required\":{\"value\":false,\"message\":\"Ce champ est obligatoire\",\"global\":true,\"global_message\":\"\\u8fd9\\u662f\\u5fc5\\u586b\\u680f\"}},\"names[last_name]\":{\"required\":{\"value\":true,\"message\":\"Ce champ est obligatoire\",\"global\":true,\"global_message\":\"\\u8fd9\\u662f\\u5fc5\\u586b\\u680f\"}},\"email\":{\"required\":{\"value\":true,\"message\":\"Email field is required\",\"global\":false,\"global_message\":\"\\u8fd9\\u662f\\u5fc5\\u586b\\u680f\"},\"email\":{\"value\":true,\"message\":\"Ce champ doit contenir un e-mail valide\",\"global\":true,\"global_message\":\"\\u6b64\\u5b57\\u6bb5\\u5fc5\\u987b\\u5305\\u542b\\u6709\\u6548\\u7684\\u7535\\u5b50\\u90ae\\u7bb1\\u5730\\u5740\"}},\"description\":{\"required\":{\"value\":true,\"message\":\"Ce champ est obligatoire\",\"global\":true,\"global_message\":\"\\u8fd9\\u662f\\u5fc5\\u586b\\u680f\"}}},\"debounce_time\":300};\n                    <\/script>","protected":false},"excerpt":{"rendered":"<p>Les rouleaux de roulement en c\u00e9ramique au nitrure de silicium (Si3N4) sont un type d'\u00e9l\u00e9ments roulants utilis\u00e9s dans de nombreux roulements \u00e0 haute performance. Ces rouleaux sont fabriqu\u00e9s \u00e0 partir de nitrure de silicium, une substance c\u00e9ramique r\u00e9put\u00e9e pour ses caract\u00e9ristiques m\u00e9caniques exceptionnelles, ainsi que pour sa remarquable r\u00e9sistance \u00e0 l'usure, \u00e0 la corrosion et aux chocs thermiques. YSBALLS peut fournir des rouleaux Si3N4 de diff\u00e9rentes tailles, veuillez nous contacter d\u00e8s aujourd'hui.<\/p>","protected":false},"featured_media":2213,"comment_status":"closed","ping_status":"closed","template":"","meta":{"_uag_custom_page_level_css":"","site-sidebar-layout":"default","site-content-layout":"","ast-site-content-layout":"default","site-content-style":"default","site-sidebar-style":"default","ast-global-header-display":"","ast-banner-title-visibility":"","ast-main-header-display":"","ast-hfb-above-header-display":"","ast-hfb-below-header-display":"","ast-hfb-mobile-header-display":"","site-post-title":"","ast-breadcrumbs-content":"","ast-featured-img":"","footer-sml-layout":"","theme-transparent-header-meta":"default","adv-header-id-meta":"","stick-header-meta":"","header-above-stick-meta":"","header-main-stick-meta":"","header-below-stick-meta":"","astra-migrate-meta-layouts":"set","ast-page-background-enabled":"default","ast-page-background-meta":{"desktop":{"background-color":"var(--ast-global-color-4)","background-image":"","background-repeat":"repeat","background-position":"center center","background-size":"auto","background-attachment":"scroll","background-type":"","background-media":"","overlay-type":"","overlay-color":"","overlay-opacity":"","overlay-gradient":""},"tablet":{"background-color":"","background-image":"","background-repeat":"repeat","background-position":"center center","background-size":"auto","background-attachment":"scroll","background-type":"","background-media":"","overlay-type":"","overlay-color":"","overlay-opacity":"","overlay-gradient":""},"mobile":{"background-color":"","background-image":"","background-repeat":"repeat","background-position":"center center","background-size":"auto","background-attachment":"scroll","background-type":"","background-media":"","overlay-type":"","overlay-color":"","overlay-opacity":"","overlay-gradient":""}},"ast-content-background-meta":{"desktop":{"background-color":"var(--ast-global-color-5)","background-image":"","background-repeat":"repeat","background-position":"center center","background-size":"auto","background-attachment":"scroll","background-type":"","background-media":"","overlay-type":"","overlay-color":"","overlay-opacity":"","overlay-gradient":""},"tablet":{"background-color":"var(--ast-global-color-5)","background-image":"","background-repeat":"repeat","background-position":"center center","background-size":"auto","background-attachment":"scroll","background-type":"","background-media":"","overlay-type":"","overlay-color":"","overlay-opacity":"","overlay-gradient":""},"mobile":{"background-color":"var(--ast-global-color-5)","background-image":"","background-repeat":"repeat","background-position":"center center","background-size":"auto","background-attachment":"scroll","background-type":"","background-media":"","overlay-type":"","overlay-color":"","overlay-opacity":"","overlay-gradient":""}}},"product_brand":[],"product_cat":[42],"product_tag":[46],"class_list":{"0":"post-2212","1":"product","2":"type-product","3":"status-publish","4":"has-post-thumbnail","6":"product_cat-rollers","7":"product_tag-silicon-nitride-ceramic-roller","8":"desktop-align-left","9":"tablet-align-left","10":"mobile-align-left","12":"first","13":"instock","14":"shipping-taxable","15":"product-type-simple"},"uagb_featured_image_src":{"full":["https:\/\/ysballs.com\/wp-content\/uploads\/2025\/04\/Si3N4-roller.jpg",1152,864,false],"thumbnail":["https:\/\/ysballs.com\/wp-content\/uploads\/2025\/04\/Si3N4-roller-150x150.jpg",150,150,true],"medium":["https:\/\/ysballs.com\/wp-content\/uploads\/2025\/04\/Si3N4-roller-300x225.jpg",300,225,true],"medium_large":["https:\/\/ysballs.com\/wp-content\/uploads\/2025\/04\/Si3N4-roller-768x576.jpg",768,576,true],"large":["https:\/\/ysballs.com\/wp-content\/uploads\/2025\/04\/Si3N4-roller-1024x768.jpg",1024,768,true],"1536x1536":["https:\/\/ysballs.com\/wp-content\/uploads\/2025\/04\/Si3N4-roller.jpg",1152,864,false],"2048x2048":["https:\/\/ysballs.com\/wp-content\/uploads\/2025\/04\/Si3N4-roller.jpg",1152,864,false],"trp-custom-language-flag":["https:\/\/ysballs.com\/wp-content\/uploads\/2025\/04\/Si3N4-roller.jpg",16,12,false],"woocommerce_thumbnail":["https:\/\/ysballs.com\/wp-content\/uploads\/2025\/04\/Si3N4-roller-300x300.jpg",300,300,true],"woocommerce_single":["https:\/\/ysballs.com\/wp-content\/uploads\/2025\/04\/Si3N4-roller-600x450.jpg",600,450,true],"woocommerce_gallery_thumbnail":["https:\/\/ysballs.com\/wp-content\/uploads\/2025\/04\/Si3N4-roller-100x100.jpg",100,100,true]},"uagb_author_info":{"display_name":"YUNSHUO BALLS","author_link":"https:\/\/ysballs.com\/fr\/author\/"},"uagb_comment_info":0,"uagb_excerpt":"Silicon nitride (Si3N4) ceramic bearing rollers are a kind of rolling elements applied in numerous high-performance bearings. These rollers are fabricated from silicon nitride, a ceramic substance renowned for its outstanding mechanical characteristics, along with its remarkable resistance to wear, corrosion, and thermal shock. YSBALLS can provide various sizes Si3N4 rollers, please contact us today.","_links":{"self":[{"href":"https:\/\/ysballs.com\/fr\/wp-json\/wp\/v2\/product\/2212","targetHints":{"allow":["GET"]}}],"collection":[{"href":"https:\/\/ysballs.com\/fr\/wp-json\/wp\/v2\/product"}],"about":[{"href":"https:\/\/ysballs.com\/fr\/wp-json\/wp\/v2\/types\/product"}],"replies":[{"embeddable":true,"href":"https:\/\/ysballs.com\/fr\/wp-json\/wp\/v2\/comments?post=2212"}],"wp:featuredmedia":[{"embeddable":true,"href":"https:\/\/ysballs.com\/fr\/wp-json\/wp\/v2\/media\/2213"}],"wp:attachment":[{"href":"https:\/\/ysballs.com\/fr\/wp-json\/wp\/v2\/media?parent=2212"}],"wp:term":[{"taxonomy":"product_brand","embeddable":true,"href":"https:\/\/ysballs.com\/fr\/wp-json\/wp\/v2\/product_brand?post=2212"},{"taxonomy":"product_cat","embeddable":true,"href":"https:\/\/ysballs.com\/fr\/wp-json\/wp\/v2\/product_cat?post=2212"},{"taxonomy":"product_tag","embeddable":true,"href":"https:\/\/ysballs.com\/fr\/wp-json\/wp\/v2\/product_tag?post=2212"}],"curies":[{"name":"wp","href":"https:\/\/api.w.org\/{rel}","templated":true}]}}