{"id":2215,"date":"2025-04-17T00:44:06","date_gmt":"2025-04-17T00:44:06","guid":{"rendered":"https:\/\/ysballs.com\/?post_type=product&#038;p=2215"},"modified":"2025-07-06T15:53:22","modified_gmt":"2025-07-06T15:53:22","slug":"soda-lime-borosilicate-billes-de-verre","status":"publish","type":"product","link":"https:\/\/ysballs.com\/fr\/produit\/billes-verre\/soda-lime-borosilicate-billes-de-verre\/","title":{"rendered":"chaux sod\u00e9e\/borosilicate\/marbres billes de verre"},"content":{"rendered":"<h3><strong>Boules de verre \u00e0 la chaux<\/strong><\/h3>\n<p>&nbsp;<\/p>\n<ul>\n<li>Diam\u00e8tre : 2.0mm -100.00mm ;<\/li>\n<li>Niveau de pr\u00e9cision : G100, G200, G500, G1000<\/li>\n<li>Duret\u00e9 : Mohs 6<\/li>\n<li>Couleur : transparent, vert, bleu fonc\u00e9, bleu ciel, rouge, noir, jaune<\/li>\n<li>Application :  Remplissage d\u00e9coratif, accents dans les vases, artisanat pour enfants, support de broyage peu co\u00fbteux.<\/li>\n<\/ul>\n<ul>\n<li style=\"list-style-type: none;\"><\/li>\n<\/ul>\n<hr \/>\n<h3><strong>Boules en verre borosilicat\u00e9<\/strong><\/h3>\n<p>&nbsp;<\/p>\n<ul>\n<li>Diam\u00e8tre : 2.0mm-100.00mm ;<\/li>\n<li>Classe de pr\u00e9cision : G20, G40, G100, G200, G500, G1000<\/li>\n<li>Duret\u00e9 : Mohs 6<\/li>\n<li>Couleur : transparent<\/li>\n<li>Application : Utilis\u00e9s comme vannes \u00e0 bille, billes de dosage, billes de broyage, mat\u00e9riaux de remplissage, ainsi que dans de nombreux autres domaines des industries pharmaceutiques et cosm\u00e9tiques.<\/li>\n<\/ul>\n<hr \/>\n<h3><strong>Boules de marbre en verre<\/strong><\/h3>\n<p>&nbsp;<\/p>\n<ul>\n<li>Couleur : translucide ou color\u00e9e personnalis\u00e9e<\/li>\n<li>Diameter:9mm,10mm,11mm,12mm,13mm,14mm,15mm,16mm,17mm ,16mm,25mm,35mm<\/li>\n<li>Niveau de pr\u00e9cision :  +\/-0.5mm<\/li>\n<li>Polyvalence esth\u00e9tique<\/li>\n<li>R\u00e9sistance aux chocs : Duret\u00e9 de la surface 5-6 Mohs (terrain de jeu\/art-safe).<\/li>\n<li>Application : jeux de soci\u00e9t\u00e9, art paysager, finition industrielle par culbutage, mosa\u00efques architecturales, accessoires cosm\u00e9tiques, fournitures de bureau, etc.<\/li>\n<\/ul>\n<p>&nbsp;<\/p>\n<h3><strong>Avantages comparatifs<\/strong><\/h3>\n<table>\n<thead>\n<tr>\n<th><strong>Type de bille<\/strong><\/th>\n<th><strong>Meilleur pour<\/strong><\/th>\n<th><strong>\u00c9viter<\/strong><\/th>\n<\/tr>\n<\/thead>\n<tbody>\n<tr>\n<td><strong>Soda Lime<\/strong><\/td>\n<td>D\u00e9coration budg\u00e9taire, kits \u00e9ducatifs<\/td>\n<td>Exposition \u00e0 des temp\u00e9ratures \u00e9lev\u00e9es ou \u00e0 des produits chimiques<\/td>\n<\/tr>\n<tr>\n<td><strong>Borosilicate<\/strong><\/td>\n<td>Laboratoires, appareils m\u00e9dicaux, environnements difficiles<\/td>\n<td>Applications sujettes aux chocs<\/td>\n<\/tr>\n<tr>\n<td><strong>Marbres<\/strong><\/td>\n<td>Art, jeux, industrie l\u00e9g\u00e8re<\/td>\n<td>Ing\u00e9nierie de pr\u00e9cision<\/td>\n<\/tr>\n<\/tbody>\n<\/table>\n<p>&nbsp;<\/p>\n<h5>Si vous avez des besoins particuliers, n'h\u00e9sitez pas \u00e0 nous contacter.<\/h5>\n<div class='fluentform ff-default fluentform_wrapper_7 ffs_default_wrap'><form data-form_id=\"7\" id=\"fluentform_7\" class=\"frm-fluent-form fluent_form_7 ff-el-form-top ff_form_instance_7_1 ff-form-loading ffs_default\" data-form_instance=\"ff_form_instance_7_1\" method=\"POST\" action=\"\" ><fieldset  style=\"border: none!important;margin: 0!important;padding: 0!important;background-color: transparent!important;box-shadow: none!important;outline: none!important; min-inline-size: 100%;\">\n                    <legend class=\"ff_screen_reader_title\" style=\"display: block; margin: 0!important;padding: 0!important;height: 0!important;text-indent: -999999px;width: 0!important;overflow:hidden;\">Forme du produit<\/legend><input type='hidden' name='__fluent_form_embded_post_id' value='2215' \/><input type=\"hidden\" id=\"_fluentform_7_fluentformnonce\" name=\"_fluentform_7_fluentformnonce\" value=\"2ba762f847\" \/><input type=\"hidden\" name=\"_wp_http_referer\" value=\"\/fr\/wp-json\/wp\/v2\/product\/2215\" \/><input type=\"hidden\" name=\"hidden\" value=\"document.querySelector('h1.product_title').textContent\" data-name=\"hidden\" ><input type=\"hidden\" name=\"hidden_1\" value=\"window.location.href\" data-name=\"hidden_1\" ><div data-type=\"name-element\" data-name=\"names\" class=\"ff-field_container ff-name-field-wrapper\" ><div class='ff-t-container'><div class='ff-t-cell'><div class='ff-el-group'><div class=\"ff-el-input--label ff-el-is-required asterisk-right\"><label for='ff_7_names_first_name_' >Pr\u00e9nom<\/label><\/div><div class='ff-el-input--content'><input type=\"text\" name=\"names[first_name]\" id=\"ff_7_names_first_name_\" class=\"ff-el-form-control\" aria-invalid=\"false\" aria-required=\"true\"><\/div><\/div><\/div><div class='ff-t-cell'><div class='ff-el-group'><div class=\"ff-el-input--label ff-el-is-required asterisk-right\"><label for='ff_7_names_last_name_' >Nom de famille<\/label><\/div><div class='ff-el-input--content'><input type=\"text\" name=\"names[last_name]\" id=\"ff_7_names_last_name_\" class=\"ff-el-form-control\" aria-invalid=\"false\" aria-required=\"true\"><\/div><\/div><\/div><\/div><\/div><div class='ff-el-group'><div class=\"ff-el-input--label ff-el-is-required asterisk-right\"><label for='ff_7_email' aria-label=\"Courriel\">Courriel<\/label><\/div><div class='ff-el-input--content'><input type=\"email\" name=\"email\" id=\"ff_7_email\" class=\"ff-el-form-control\" placeholder=\"you@domain.com\" data-name=\"email\"  aria-invalid=\"false\" aria-required=\"true\"><\/div><\/div><div class='ff-el-group'><div class=\"ff-el-input--label ff-el-is-required asterisk-right\"><label for='ff_7_description' aria-label=\"Description\">Description<\/label><\/div><div class='ff-el-input--content'><textarea aria-invalid=\"false\" aria-required=\"true\" name=\"description\" id=\"ff_7_description\" class=\"ff-el-form-control\" rows=\"4\" cols=\"2\" data-name=\"description\" ><\/textarea><\/div><\/div><div class='ff-el-group ff-text-left ff_submit_btn_wrapper'><button type=\"submit\" class=\"ff-btn ff-btn-submit ff-btn-md ff_btn_style wpf_has_custom_css\" >Envoyer une demande de renseignements<\/button><\/div><\/fieldset><input type=\"hidden\" name=\"trp-form-language\" value=\"fr\"\/><\/form><div id='fluentform_7_errors' class='ff-errors-in-stack ff_form_instance_7_1 ff-form-loading_errors ff_form_instance_7_1_errors'><\/div><\/div>        <script type=\"text\/javascript\">\n            window.fluent_form_ff_form_instance_7_1 = {\"id\":\"7\",\"settings\":{\"layout\":{\"labelPlacement\":\"top\",\"asteriskPlacement\":\"asterisk-right\",\"helpMessagePlacement\":\"with_label\",\"errorMessagePlacement\":\"inline\",\"cssClassName\":\"\"},\"restrictions\":{\"denyEmptySubmission\":{\"enabled\":false}}},\"form_instance\":\"ff_form_instance_7_1\",\"form_id_selector\":\"fluentform_7\",\"rules\":{\"names[first_name]\":{\"required\":{\"value\":true,\"message\":\"Ce champ est obligatoire\",\"global\":true,\"global_message\":\"\\u8fd9\\u662f\\u5fc5\\u586b\\u680f\"}},\"names[middle_name]\":{\"required\":{\"value\":false,\"message\":\"Ce champ est obligatoire\",\"global\":true,\"global_message\":\"\\u8fd9\\u662f\\u5fc5\\u586b\\u680f\"}},\"names[last_name]\":{\"required\":{\"value\":true,\"message\":\"Ce champ est obligatoire\",\"global\":true,\"global_message\":\"\\u8fd9\\u662f\\u5fc5\\u586b\\u680f\"}},\"email\":{\"required\":{\"value\":true,\"message\":\"Email field is required\",\"global\":false,\"global_message\":\"\\u8fd9\\u662f\\u5fc5\\u586b\\u680f\"},\"email\":{\"value\":true,\"message\":\"Ce champ doit contenir un e-mail valide\",\"global\":true,\"global_message\":\"\\u6b64\\u5b57\\u6bb5\\u5fc5\\u987b\\u5305\\u542b\\u6709\\u6548\\u7684\\u7535\\u5b50\\u90ae\\u7bb1\\u5730\\u5740\"}},\"description\":{\"required\":{\"value\":true,\"message\":\"Ce champ est obligatoire\",\"global\":true,\"global_message\":\"\\u8fd9\\u662f\\u5fc5\\u586b\\u680f\"}}},\"debounce_time\":300};\n                    <\/script>\n        \n<p>&nbsp;<\/p>","protected":false},"excerpt":{"rendered":"<p>Ysballs peut fournir des boules en verre, comme des boules en verre sodocalcique, des boules en verre borosilicat\u00e9, des boules en verre marbr\u00e9 et d'autres. N'h\u00e9sitez pas \u00e0 visiter notre site Internet et \u00e0 nous contacter si vous avez des questions.<\/p>","protected":false},"featured_media":2216,"comment_status":"closed","ping_status":"closed","template":"","meta":{"_uag_custom_page_level_css":"","site-sidebar-layout":"default","site-content-layout":"","ast-site-content-layout":"default","site-content-style":"default","site-sidebar-style":"default","ast-global-header-display":"","ast-banner-title-visibility":"","ast-main-header-display":"","ast-hfb-above-header-display":"","ast-hfb-below-header-display":"","ast-hfb-mobile-header-display":"","site-post-title":"","ast-breadcrumbs-content":"","ast-featured-img":"","footer-sml-layout":"","theme-transparent-header-meta":"default","adv-header-id-meta":"","stick-header-meta":"","header-above-stick-meta":"","header-main-stick-meta":"","header-below-stick-meta":"","astra-migrate-meta-layouts":"set","ast-page-background-enabled":"default","ast-page-background-meta":{"desktop":{"background-color":"var(--ast-global-color-4)","background-image":"","background-repeat":"repeat","background-position":"center center","background-size":"auto","background-attachment":"scroll","background-type":"","background-media":"","overlay-type":"","overlay-color":"","overlay-opacity":"","overlay-gradient":""},"tablet":{"background-color":"","background-image":"","background-repeat":"repeat","background-position":"center center","background-size":"auto","background-attachment":"scroll","background-type":"","background-media":"","overlay-type":"","overlay-color":"","overlay-opacity":"","overlay-gradient":""},"mobile":{"background-color":"","background-image":"","background-repeat":"repeat","background-position":"center center","background-size":"auto","background-attachment":"scroll","background-type":"","background-media":"","overlay-type":"","overlay-color":"","overlay-opacity":"","overlay-gradient":""}},"ast-content-background-meta":{"desktop":{"background-color":"var(--ast-global-color-5)","background-image":"","background-repeat":"repeat","background-position":"center center","background-size":"auto","background-attachment":"scroll","background-type":"","background-media":"","overlay-type":"","overlay-color":"","overlay-opacity":"","overlay-gradient":""},"tablet":{"background-color":"var(--ast-global-color-5)","background-image":"","background-repeat":"repeat","background-position":"center center","background-size":"auto","background-attachment":"scroll","background-type":"","background-media":"","overlay-type":"","overlay-color":"","overlay-opacity":"","overlay-gradient":""},"mobile":{"background-color":"var(--ast-global-color-5)","background-image":"","background-repeat":"repeat","background-position":"center center","background-size":"auto","background-attachment":"scroll","background-type":"","background-media":"","overlay-type":"","overlay-color":"","overlay-opacity":"","overlay-gradient":""}}},"product_brand":[],"product_cat":[47],"product_tag":[48],"class_list":{"0":"post-2215","1":"product","2":"type-product","3":"status-publish","4":"has-post-thumbnail","6":"product_cat-glass-ball","7":"product_tag-soda-lime-borosilicate-marbles-glass-balls","8":"desktop-align-left","9":"tablet-align-left","10":"mobile-align-left","12":"first","13":"instock","14":"shipping-taxable","15":"product-type-simple"},"uagb_featured_image_src":{"full":["https:\/\/ysballs.com\/wp-content\/uploads\/2025\/04\/Borosilicate-Glass-Balls.jpg",1015,754,false],"thumbnail":["https:\/\/ysballs.com\/wp-content\/uploads\/2025\/04\/Borosilicate-Glass-Balls-150x150.jpg",150,150,true],"medium":["https:\/\/ysballs.com\/wp-content\/uploads\/2025\/04\/Borosilicate-Glass-Balls-300x223.jpg",300,223,true],"medium_large":["https:\/\/ysballs.com\/wp-content\/uploads\/2025\/04\/Borosilicate-Glass-Balls-768x571.jpg",768,571,true],"large":["https:\/\/ysballs.com\/wp-content\/uploads\/2025\/04\/Borosilicate-Glass-Balls.jpg",1015,754,false],"1536x1536":["https:\/\/ysballs.com\/wp-content\/uploads\/2025\/04\/Borosilicate-Glass-Balls.jpg",1015,754,false],"2048x2048":["https:\/\/ysballs.com\/wp-content\/uploads\/2025\/04\/Borosilicate-Glass-Balls.jpg",1015,754,false],"trp-custom-language-flag":["https:\/\/ysballs.com\/wp-content\/uploads\/2025\/04\/Borosilicate-Glass-Balls.jpg",16,12,false],"woocommerce_thumbnail":["https:\/\/ysballs.com\/wp-content\/uploads\/2025\/04\/Borosilicate-Glass-Balls-300x300.jpg",300,300,true],"woocommerce_single":["https:\/\/ysballs.com\/wp-content\/uploads\/2025\/04\/Borosilicate-Glass-Balls-600x446.jpg",600,446,true],"woocommerce_gallery_thumbnail":["https:\/\/ysballs.com\/wp-content\/uploads\/2025\/04\/Borosilicate-Glass-Balls-100x100.jpg",100,100,true]},"uagb_author_info":{"display_name":"YUNSHUO BALLS","author_link":"https:\/\/ysballs.com\/fr\/author\/"},"uagb_comment_info":0,"uagb_excerpt":"Ysballs can provide kinds of glass balls, like soda lime glass balls, borosilicate glass balls, marbles glass balls and others. Please spend some times on our website and contact us with any questions.","_links":{"self":[{"href":"https:\/\/ysballs.com\/fr\/wp-json\/wp\/v2\/product\/2215","targetHints":{"allow":["GET"]}}],"collection":[{"href":"https:\/\/ysballs.com\/fr\/wp-json\/wp\/v2\/product"}],"about":[{"href":"https:\/\/ysballs.com\/fr\/wp-json\/wp\/v2\/types\/product"}],"replies":[{"embeddable":true,"href":"https:\/\/ysballs.com\/fr\/wp-json\/wp\/v2\/comments?post=2215"}],"wp:featuredmedia":[{"embeddable":true,"href":"https:\/\/ysballs.com\/fr\/wp-json\/wp\/v2\/media\/2216"}],"wp:attachment":[{"href":"https:\/\/ysballs.com\/fr\/wp-json\/wp\/v2\/media?parent=2215"}],"wp:term":[{"taxonomy":"product_brand","embeddable":true,"href":"https:\/\/ysballs.com\/fr\/wp-json\/wp\/v2\/product_brand?post=2215"},{"taxonomy":"product_cat","embeddable":true,"href":"https:\/\/ysballs.com\/fr\/wp-json\/wp\/v2\/product_cat?post=2215"},{"taxonomy":"product_tag","embeddable":true,"href":"https:\/\/ysballs.com\/fr\/wp-json\/wp\/v2\/product_tag?post=2215"}],"curies":[{"name":"wp","href":"https:\/\/api.w.org\/{rel}","templated":true}]}}