{"id":2192,"date":"2025-04-16T22:10:35","date_gmt":"2025-04-16T22:10:35","guid":{"rendered":"https:\/\/ysballs.com\/?post_type=product&#038;p=2192"},"modified":"2025-07-02T09:57:13","modified_gmt":"2025-07-02T09:57:13","slug":"esfera-de-aco-oca","status":"publish","type":"product","link":"https:\/\/ysballs.com\/pt\/produto\/bola-oca\/esfera-de-aco-oca\/","title":{"rendered":"Esfera de a\u00e7o oca"},"content":{"rendered":"<p>YSBALLS Esferas de a\u00e7o ocas, esferas de a\u00e7o leves, esferas de a\u00e7o perfuradas personalizadas<\/p>\n<ul>\n<li>Material: A\u00e7o inoxid\u00e1vel, a\u00e7o carbono, alum\u00ednio, lat\u00e3o, cobre<\/li>\n<li>Di\u00e2metro da esfera: 15mm-1000mm<\/li>\n<li>Espessura: 0,4 mm-5 mm<\/li>\n<li>Grau: G1000-G3000<\/li>\n<li>apoiar o processamento secund\u00e1rio, como perfura\u00e7\u00e3o, revestimento e soldadura<\/li>\n<li>Aplica\u00e7\u00e3o: caixas de sensores, componentes decorativos, conjuntos de v\u00e1lvulas e outros cen\u00e1rios industriais.<\/li>\n<\/ul>\n<h6>Especifica\u00e7\u00f5es das esferas de a\u00e7o ocas<\/h6>\n<table>\n<thead>\n<tr>\n<th>Tipo<\/th>\n<th>Di\u00e2metros (mm)<\/th>\n<th>Espessuras (mm)<\/th>\n<th>Superf\u00edcie<\/th>\n<th>Notas<\/th>\n<\/tr>\n<\/thead>\n<tbody>\n<tr>\n<td>AISI 1010\/1015<\/td>\n<td>25 - 1000<\/td>\n<td>1.5, 2.0, 2.5<\/td>\n<td>Brilhante, suave<\/td>\n<td>G1000<\/td>\n<\/tr>\n<tr>\n<td>AISI 201<\/td>\n<td>19 - 600<\/td>\n<td>0.8, 1.0, 1.5, 2.0, 3.0<\/td>\n<td>Brilhante, suave<\/td>\n<td>G1000<\/td>\n<\/tr>\n<tr>\n<td>AISI 304\/304L<\/td>\n<td>4 - 15<\/td>\n<td>0.6, 0.8, 1.0<\/td>\n<td>Brilhante, suave<\/td>\n<td>G500<\/td>\n<\/tr>\n<tr>\n<td>AISI 304\/304L<\/td>\n<td>15 - 100<\/td>\n<td>0.4, 0.6, 0.8, 1.0, 1.5, 2.0, 3.0, 4.0, 5.0<\/td>\n<td>Brilhante, suave<\/td>\n<td>G1000<\/td>\n<\/tr>\n<tr>\n<td>AISI 304\/304L<\/td>\n<td>100 - 200<\/td>\n<td>0.4, 0.6, 0.8, 1.0, 1.5, 2.0, 3.0, 4.0, 5.0<\/td>\n<td>Brilhante, suave<\/td>\n<td>G2000<\/td>\n<\/tr>\n<tr>\n<td>AISI 304\/304L<\/td>\n<td>200 - 400<\/td>\n<td>0.4, 0.6, 0.8, 1.0, 1.5, 2.0, 3.0, 4.0, 5.0<\/td>\n<td>Brilhante, suave<\/td>\n<td>G3000<\/td>\n<\/tr>\n<tr>\n<td>AISI 304\/304L<\/td>\n<td>400 - 1200<\/td>\n<td>0.8, 1.0, 1.5, 2.0, 3.0<\/td>\n<td>Brilhante, suave<\/td>\n<td>G3000<\/td>\n<\/tr>\n<tr>\n<td>AISI 316\/316L<\/td>\n<td>6 - 15<\/td>\n<td>0.6, 0.8, 1.0<\/td>\n<td>Brilhante, suave<\/td>\n<td>G500<\/td>\n<\/tr>\n<tr>\n<td>AISI 316\/316L<\/td>\n<td>15 - 100<\/td>\n<td>0.4, 0.6, 0.8, 1.0, 1.5, 2.0, 3.0, 4.0, 5.0<\/td>\n<td>Brilhante, suave<\/td>\n<td>G1000<\/td>\n<\/tr>\n<tr>\n<td>AISI 316\/316L<\/td>\n<td>100 - 200<\/td>\n<td>0.4, 0.6, 0.8, 1.0, 1.5, 2.0, 3.0, 4.0, 5.0<\/td>\n<td>Brilhante, suave<\/td>\n<td>G2000<\/td>\n<\/tr>\n<tr>\n<td>AISI 316\/316L<\/td>\n<td>200 - 400<\/td>\n<td>0.4, 0.6, 0.8, 1.0, 1.5, 2.0, 3.0, 4.0, 5.0<\/td>\n<td>Brilhante, suave<\/td>\n<td>G3000<\/td>\n<\/tr>\n<tr>\n<td>AISI 420C\/440A\/440C<\/td>\n<td>15 - 50<\/td>\n<td>0.4, 0.6, 0.8, 1.0, 1.5, 2.0, 3.0, 4.0, 5.0<\/td>\n<td>Brilhante, polido<\/td>\n<td>G500<\/td>\n<\/tr>\n<tr>\n<td>AISI 420C\/440A\/440C<\/td>\n<td>50 - 200<\/td>\n<td>0.4, 0.6, 0.8, 1.0, 1.5, 2.0, 3.0, 4.0, 5.0<\/td>\n<td>Brilhante, polido<\/td>\n<td>G1000<\/td>\n<\/tr>\n<tr>\n<td>AISI 420C\/440A\/440C<\/td>\n<td>200 - 400<\/td>\n<td>0.4, 0.6, 0.8, 1.0, 1.5, 2.0, 3.0, 4.0, 5.0<\/td>\n<td>Brilhante, polido<\/td>\n<td>G2000<\/td>\n<\/tr>\n<\/tbody>\n<\/table>\n<p>&nbsp;<\/p>\n<h5>Se tiver alguma necessidade, contacte-nos.<\/h5>\n<div class='fluentform ff-default fluentform_wrapper_7 ffs_default_wrap'><form data-form_id=\"7\" id=\"fluentform_7\" class=\"frm-fluent-form fluent_form_7 ff-el-form-top ff_form_instance_7_1 ff-form-loading ffs_default\" data-form_instance=\"ff_form_instance_7_1\" method=\"POST\" action=\"\" ><fieldset  style=\"border: none!important;margin: 0!important;padding: 0!important;background-color: transparent!important;box-shadow: none!important;outline: none!important; min-inline-size: 100%;\">\n                    <legend class=\"ff_screen_reader_title\" style=\"display: block; margin: 0!important;padding: 0!important;height: 0!important;text-indent: -999999px;width: 0!important;overflow:hidden;\">forma do produto<\/legend><input type='hidden' name='__fluent_form_embded_post_id' value='2192' \/><input type=\"hidden\" id=\"_fluentform_7_fluentformnonce\" name=\"_fluentform_7_fluentformnonce\" value=\"2ba762f847\" \/><input type=\"hidden\" name=\"_wp_http_referer\" value=\"\/pt\/wp-json\/wp\/v2\/product\/2192\" \/><input type=\"hidden\" name=\"hidden\" value=\"document.querySelector('h1.product_title').textContent\" data-name=\"hidden\" ><input type=\"hidden\" name=\"hidden_1\" value=\"window.location.href\" data-name=\"hidden_1\" ><div data-type=\"name-element\" data-name=\"names\" class=\"ff-field_container ff-name-field-wrapper\" ><div class='ff-t-container'><div class='ff-t-cell'><div class='ff-el-group'><div class=\"ff-el-input--label ff-el-is-required asterisk-right\"><label for='ff_7_names_first_name_' >Nome pr\u00f3prio<\/label><\/div><div class='ff-el-input--content'><input type=\"text\" name=\"names[first_name]\" id=\"ff_7_names_first_name_\" class=\"ff-el-form-control\" aria-invalid=\"false\" aria-required=\"true\"><\/div><\/div><\/div><div class='ff-t-cell'><div class='ff-el-group'><div class=\"ff-el-input--label ff-el-is-required asterisk-right\"><label for='ff_7_names_last_name_' >Apelido<\/label><\/div><div class='ff-el-input--content'><input type=\"text\" name=\"names[last_name]\" id=\"ff_7_names_last_name_\" class=\"ff-el-form-control\" aria-invalid=\"false\" aria-required=\"true\"><\/div><\/div><\/div><\/div><\/div><div class='ff-el-group'><div class=\"ff-el-input--label ff-el-is-required asterisk-right\"><label for='ff_7_email' aria-label=\"Correio eletr\u00f3nico\">Correio eletr\u00f3nico<\/label><\/div><div class='ff-el-input--content'><input type=\"email\" name=\"email\" id=\"ff_7_email\" class=\"ff-el-form-control\" placeholder=\"you@domain.com\" data-name=\"email\"  aria-invalid=\"false\" aria-required=\"true\"><\/div><\/div><div class='ff-el-group'><div class=\"ff-el-input--label ff-el-is-required asterisk-right\"><label for='ff_7_description' aria-label=\"Descri\u00e7\u00e3o\">Descri\u00e7\u00e3o<\/label><\/div><div class='ff-el-input--content'><textarea aria-invalid=\"false\" aria-required=\"true\" name=\"description\" id=\"ff_7_description\" class=\"ff-el-form-control\" rows=\"4\" cols=\"2\" data-name=\"description\" ><\/textarea><\/div><\/div><div class='ff-el-group ff-text-left ff_submit_btn_wrapper'><button type=\"submit\" class=\"ff-btn ff-btn-submit ff-btn-md ff_btn_style wpf_has_custom_css\" >Enviar inqu\u00e9rito<\/button><\/div><\/fieldset><input type=\"hidden\" name=\"trp-form-language\" value=\"pt\"\/><\/form><div id='fluentform_7_errors' class='ff-errors-in-stack ff_form_instance_7_1 ff-form-loading_errors ff_form_instance_7_1_errors'><\/div><\/div>        <script type=\"text\/javascript\">\n            window.fluent_form_ff_form_instance_7_1 = {\"id\":\"7\",\"settings\":{\"layout\":{\"labelPlacement\":\"top\",\"asteriskPlacement\":\"asterisk-right\",\"helpMessagePlacement\":\"with_label\",\"errorMessagePlacement\":\"inline\",\"cssClassName\":\"\"},\"restrictions\":{\"denyEmptySubmission\":{\"enabled\":false}}},\"form_instance\":\"ff_form_instance_7_1\",\"form_id_selector\":\"fluentform_7\",\"rules\":{\"names[first_name]\":{\"required\":{\"value\":true,\"message\":\"This field is required\",\"global\":true,\"global_message\":\"\\u8fd9\\u662f\\u5fc5\\u586b\\u680f\"}},\"names[middle_name]\":{\"required\":{\"value\":false,\"message\":\"This field is required\",\"global\":true,\"global_message\":\"\\u8fd9\\u662f\\u5fc5\\u586b\\u680f\"}},\"names[last_name]\":{\"required\":{\"value\":true,\"message\":\"This field is required\",\"global\":true,\"global_message\":\"\\u8fd9\\u662f\\u5fc5\\u586b\\u680f\"}},\"email\":{\"required\":{\"value\":true,\"message\":\"Email field is required\",\"global\":false,\"global_message\":\"\\u8fd9\\u662f\\u5fc5\\u586b\\u680f\"},\"email\":{\"value\":true,\"message\":\"This field must contain a valid email\",\"global\":true,\"global_message\":\"\\u6b64\\u5b57\\u6bb5\\u5fc5\\u987b\\u5305\\u542b\\u6709\\u6548\\u7684\\u7535\\u5b50\\u90ae\\u7bb1\\u5730\\u5740\"}},\"description\":{\"required\":{\"value\":true,\"message\":\"This field is required\",\"global\":true,\"global_message\":\"\\u8fd9\\u662f\\u5fc5\\u586b\\u680f\"}}},\"debounce_time\":300};\n                    <\/script>","protected":false},"excerpt":{"rendered":"<p>As esferas de a\u00e7o ocas proporcionam uma redu\u00e7\u00e3o de peso de 30-60% em rela\u00e7\u00e3o \u00e0s esferas de a\u00e7o s\u00f3lidas, preservando simultaneamente atributos cr\u00edticos como a resist\u00eancia \u00e0 tra\u00e7\u00e3o, a resist\u00eancia \u00e0 corros\u00e3o e as propriedades magn\u00e9ticas.<\/p>\n<p>&nbsp;<\/p>","protected":false},"featured_media":2209,"comment_status":"closed","ping_status":"closed","template":"","meta":{"_uag_custom_page_level_css":"","site-sidebar-layout":"default","site-content-layout":"","ast-site-content-layout":"default","site-content-style":"default","site-sidebar-style":"default","ast-global-header-display":"","ast-banner-title-visibility":"","ast-main-header-display":"","ast-hfb-above-header-display":"","ast-hfb-below-header-display":"","ast-hfb-mobile-header-display":"","site-post-title":"","ast-breadcrumbs-content":"","ast-featured-img":"","footer-sml-layout":"","theme-transparent-header-meta":"default","adv-header-id-meta":"","stick-header-meta":"","header-above-stick-meta":"","header-main-stick-meta":"","header-below-stick-meta":"","astra-migrate-meta-layouts":"set","ast-page-background-enabled":"default","ast-page-background-meta":{"desktop":{"background-color":"var(--ast-global-color-4)","background-image":"","background-repeat":"repeat","background-position":"center center","background-size":"auto","background-attachment":"scroll","background-type":"","background-media":"","overlay-type":"","overlay-color":"","overlay-opacity":"","overlay-gradient":""},"tablet":{"background-color":"","background-image":"","background-repeat":"repeat","background-position":"center center","background-size":"auto","background-attachment":"scroll","background-type":"","background-media":"","overlay-type":"","overlay-color":"","overlay-opacity":"","overlay-gradient":""},"mobile":{"background-color":"","background-image":"","background-repeat":"repeat","background-position":"center center","background-size":"auto","background-attachment":"scroll","background-type":"","background-media":"","overlay-type":"","overlay-color":"","overlay-opacity":"","overlay-gradient":""}},"ast-content-background-meta":{"desktop":{"background-color":"var(--ast-global-color-5)","background-image":"","background-repeat":"repeat","background-position":"center center","background-size":"auto","background-attachment":"scroll","background-type":"","background-media":"","overlay-type":"","overlay-color":"","overlay-opacity":"","overlay-gradient":""},"tablet":{"background-color":"var(--ast-global-color-5)","background-image":"","background-repeat":"repeat","background-position":"center center","background-size":"auto","background-attachment":"scroll","background-type":"","background-media":"","overlay-type":"","overlay-color":"","overlay-opacity":"","overlay-gradient":""},"mobile":{"background-color":"var(--ast-global-color-5)","background-image":"","background-repeat":"repeat","background-position":"center center","background-size":"auto","background-attachment":"scroll","background-type":"","background-media":"","overlay-type":"","overlay-color":"","overlay-opacity":"","overlay-gradient":""}}},"product_brand":[],"product_cat":[38],"product_tag":[45],"class_list":{"0":"post-2192","1":"product","2":"type-product","3":"status-publish","4":"has-post-thumbnail","6":"product_cat-hollow-ball","7":"product_tag-hollow-steel-ball","8":"desktop-align-left","9":"tablet-align-left","10":"mobile-align-left","12":"first","13":"instock","14":"shipping-taxable","15":"product-type-simple"},"uagb_featured_image_src":{"full":["https:\/\/ysballs.com\/wp-content\/uploads\/2025\/04\/Hollow-steel-ball.jpg",2304,1728,false],"thumbnail":["https:\/\/ysballs.com\/wp-content\/uploads\/2025\/04\/Hollow-steel-ball-150x150.jpg",150,150,true],"medium":["https:\/\/ysballs.com\/wp-content\/uploads\/2025\/04\/Hollow-steel-ball-300x225.jpg",300,225,true],"medium_large":["https:\/\/ysballs.com\/wp-content\/uploads\/2025\/04\/Hollow-steel-ball-768x576.jpg",768,576,true],"large":["https:\/\/ysballs.com\/wp-content\/uploads\/2025\/04\/Hollow-steel-ball-1024x768.jpg",1024,768,true],"1536x1536":["https:\/\/ysballs.com\/wp-content\/uploads\/2025\/04\/Hollow-steel-ball-1536x1152.jpg",1536,1152,true],"2048x2048":["https:\/\/ysballs.com\/wp-content\/uploads\/2025\/04\/Hollow-steel-ball-2048x1536.jpg",2048,1536,true],"trp-custom-language-flag":["https:\/\/ysballs.com\/wp-content\/uploads\/2025\/04\/Hollow-steel-ball.jpg",16,12,false],"woocommerce_thumbnail":["https:\/\/ysballs.com\/wp-content\/uploads\/2025\/04\/Hollow-steel-ball-300x300.jpg",300,300,true],"woocommerce_single":["https:\/\/ysballs.com\/wp-content\/uploads\/2025\/04\/Hollow-steel-ball-600x450.jpg",600,450,true],"woocommerce_gallery_thumbnail":["https:\/\/ysballs.com\/wp-content\/uploads\/2025\/04\/Hollow-steel-ball-100x100.jpg",100,100,true]},"uagb_author_info":{"display_name":"YUNSHUO BALLS","author_link":"https:\/\/ysballs.com\/pt\/author\/"},"uagb_comment_info":0,"uagb_excerpt":"Hollow steel balls deliver 30-60% weight reduction versus solid steel balls, while preserving critical attributes like tensile strength, corrosion resilience, and magnetic properties.YSBALLS can provide quality hollow steel balls,and we have OEM ability. &nbsp;","_links":{"self":[{"href":"https:\/\/ysballs.com\/pt\/wp-json\/wp\/v2\/product\/2192","targetHints":{"allow":["GET"]}}],"collection":[{"href":"https:\/\/ysballs.com\/pt\/wp-json\/wp\/v2\/product"}],"about":[{"href":"https:\/\/ysballs.com\/pt\/wp-json\/wp\/v2\/types\/product"}],"replies":[{"embeddable":true,"href":"https:\/\/ysballs.com\/pt\/wp-json\/wp\/v2\/comments?post=2192"}],"wp:featuredmedia":[{"embeddable":true,"href":"https:\/\/ysballs.com\/pt\/wp-json\/wp\/v2\/media\/2209"}],"wp:attachment":[{"href":"https:\/\/ysballs.com\/pt\/wp-json\/wp\/v2\/media?parent=2192"}],"wp:term":[{"taxonomy":"product_brand","embeddable":true,"href":"https:\/\/ysballs.com\/pt\/wp-json\/wp\/v2\/product_brand?post=2192"},{"taxonomy":"product_cat","embeddable":true,"href":"https:\/\/ysballs.com\/pt\/wp-json\/wp\/v2\/product_cat?post=2192"},{"taxonomy":"product_tag","embeddable":true,"href":"https:\/\/ysballs.com\/pt\/wp-json\/wp\/v2\/product_tag?post=2192"}],"curies":[{"name":"wp","href":"https:\/\/api.w.org\/{rel}","templated":true}]}}